{"id":2783,"date":"2021-06-28T14:16:50","date_gmt":"2021-06-28T12:16:50","guid":{"rendered":"https:\/\/www.campinglessablettes.com\/location-emplacement-grau-agde\/"},"modified":"2021-09-24T14:21:25","modified_gmt":"2021-09-24T12:21:25","slug":"standort-grau-agde","status":"publish","type":"page","link":"https:\/\/www.campinglessablettes.com\/de\/standort-grau-agde\/","title":{"rendered":"Emplacements"},"content":{"rendered":"<section id=\"section-60df0f78801ee\"\" class=\"section bg-white\" \/><div class=\"container extralarge\"><h1 class=\"element section-title center sablettes-citation color2\">Stellplatz mieten in Grau d&#8217;Agde<\/h1><\/div><\/section>\n\n<section id=\"section-60df0f78801ee\"\" class=\"section bg-white p-b-0\" \/><div class=\"container extralarge\"><div class=\"element bloc-text\">\n\t<script>\r\n    window.ctoutvert = {\r\n        id: 2802,\r\n        lang: 'auto',\r\n        url: 'https:\/\/bookingpremium.secureholiday.net\/widgets\/', \r\n    };\r\n    (function (w, d, s, ctv, r, js, fjs) {\r\n        r=new XMLHttpRequest();r.open('GET',w[ctv].url+'js\/src.json');\r\n        r.responseType='json';r.json=true;r.send();\r\n        r.onload=function(){w[ctv].src=r.responseType=='json'?r.response:JSON.parse(r.response);\r\n        js.src=w[ctv].src[0];fjs.parentNode.insertBefore(js, fjs);}\r\n        js=d.createElement(s),fjs=d.getElementsByTagName(s)[0];\r\n        js.id='ctvwidget';js.async=1;\r\n    }(window, document, 'script', 'ctoutvert'));\r\n<\/script>\r\n<ctv-availability data-product-type='pitch' data-background-color='#FFFFFFFF' ><\/ctv-availability><\/div><\/div><\/section>\n\n<section id=\"section-60df0f7880903\"\" class=\"section bg-white p-t-0 p-b-0\" \/><div class=\"container full\"><div class=\"colonnes-wrap valign-middle \"><div class=\"element colonne p-0 cadre\"><div class=\"element images\"><div class=\"image\"><img decoding=\"async\" src=\"https:\/\/www.campinglessablettes.com\/wp-content\/uploads\/2021\/07\/caravaning-herault-100x84.jpg\" data-src=\"https:\/\/www.campinglessablettes.com\/wp-content\/uploads\/2021\/07\/caravaning-herault.jpg\" alt=\"caravaning herault\" class=\"images_image\" \/><\/div><\/div><\/div><div class=\"element colonne p-6\"><h2 class=\"element section-title left color1 beige-border-right\">Komfortable Stellpl\u00e4tze in Agde<\/h2><div class=\"element bloc-text left \">\n\t<p>Der Campingplatz les Sablettes im H\u00e9rault verf\u00fcgt \u00fcber 70 Stellpl\u00e4tze f\u00fcr 1 bis 6 Personen und 1 Fahrzeug zu den besten Preisen in Agde.<\/p>\n<p>F\u00fcr Ihren Komfort:<\/p>\n<ul>\n<li>10-Ampere-Stromanschluss.<\/li>\n<li>Gemeinschaftliche Sanit\u00e4ranlagen mit Warmwasserduschen.<\/li>\n<li>F\u00fcr einen besseren Komfort vor und nach der Saison werden Sie unsere 3 individuellen beheizten Duschkabinen zu sch\u00e4tzen wissen.<\/li>\n<li>Badezimmer f\u00fcr Kinder und Babybadewanne.<\/li>\n<li>Private Sanit\u00e4ranlagen f\u00fcr behinderte Menschen.<\/li>\n<li>W\u00e4schebereich.<\/li>\n<\/ul>\n<p>Zus\u00e4tzliche Informationen :<\/p>\n<ul>\n<li>K\u00fchlschrankvermietung f\u00fcr 40 \u20ac in der ersten Woche und 30 \u20ac in der zweiten Woche.<\/li>\n<li>Grillen f\u00fcr 50 \u20ac in der ersten Woche und 30 \u20ac in der zweiten Woche.<\/li>\n<\/ul>\n<p>Bestellen Sie zum Zeitpunkt Ihrer Reservierung vor.<\/p>\n<p>Die Vermietung von Stellpl\u00e4tzen in Grau d&#8217;Agde erfolgt vom Anreisetag ab 14.00 Uhr bis zum Abreisetag bis sp\u00e4testens 12.00 Uhr (in der Vor- und Nachsaison sind die Zeiten auf Anfrage an der Rezeption flexibler).<\/p>\n<\/div><\/div><\/div><\/div><\/section>\n\n<section id=\"section-emplacement1\"\" class=\"section bg-white p-t-0\" \/><div class=\"container full\"><div class=\"accordeon\"><div class=\"slide \"><div class=\"slide_image\"><img decoding=\"async\" src=\"https:\/\/www.campinglessablettes.com\/wp-content\/uploads\/2021\/08\/camping-agde-caravaning-100x67.jpg\" data-src=\"https:\/\/www.campinglessablettes.com\/wp-content\/uploads\/2021\/08\/camping-agde-caravaning.jpg\" alt=\"camping agde caravaning\" class=\"\" \/><\/div><\/div><div class=\"slide \"><div class=\"slide_image\"><img decoding=\"async\" src=\"https:\/\/www.campinglessablettes.com\/wp-content\/uploads\/2021\/09\/caravane-emplacement-100x67.jpg\" data-src=\"https:\/\/www.campinglessablettes.com\/wp-content\/uploads\/2021\/09\/caravane-emplacement.jpg\" alt=\"caravane-emplacement\" class=\"\" \/><\/div><\/div><div class=\"slide \"><div class=\"slide_image\"><img decoding=\"async\" src=\"https:\/\/www.campinglessablettes.com\/wp-content\/uploads\/2021\/08\/camping-agde-emplacement-raccord-100x67.jpg\" data-src=\"https:\/\/www.campinglessablettes.com\/wp-content\/uploads\/2021\/08\/camping-agde-emplacement-raccord.jpg\" alt=\"camping agde raccord electrique\" class=\"\" \/><\/div><\/div><div class=\"slide \"><div class=\"slide_image\"><img decoding=\"async\" src=\"https:\/\/www.campinglessablettes.com\/wp-content\/uploads\/2021\/08\/camping-agde-emplacement-tente-100x67.jpg\" data-src=\"https:\/\/www.campinglessablettes.com\/wp-content\/uploads\/2021\/08\/camping-agde-emplacement-tente.jpg\" alt=\"camping agde emplacement tente\" class=\"\" \/><\/div><\/div><\/div><\/div><\/section>\n\n<section id=\"section-60df0f7880bc8\"\" class=\"section bg-color4 p-t-0 p-b-0\" \/><div class=\"container full\"><div class=\"colonnes-wrap valign-middle \"><div class=\"element colonne p-6\"><h2 class=\"element section-title left white blue-border-left\">Stellpl\u00e4tze mitten auf dem Land im H\u00e9rault<\/h2><div class=\"element bloc-text left \">\n\t<p>Mieten Sie einen Wohnwagen-, Zelt- oder Wohnmobilstellplatz und genie\u00dfen Sie das mediterrane Klima auf unserem Campingplatz Les Sablettes in Grau d&#8217;Agde.<\/p>\n<p>Camper sind auf unserem Campingplatz in S\u00fcdfrankreich herzlich willkommen!<br \/>\nDie Liebhaber des Campings in S\u00fcdfrankreich finden eine gro\u00dfe Auswahl an <strong class=\"bold color3\">elektrifizierten Stellpl\u00e4tzen <\/strong>(10A), die durch B\u00e4ume, Hecken oder Claustras abgegrenzt sind, schattig, halbschattig oder sonnig. <\/p>\n<p>Genie\u00dfen Sie die bezaubernde Landschaft S\u00fcdfrankreichs, indem Sie Ihr Zelt aufschlagen, Ihren Wohnwagen oder Ihr Wohnmobil auf unserem Drei-Sterne-Campingplatz abstellen. Genie\u00dfen Sie Ihren Urlaub mit unseren <strong class=\"bold color3\">Wohnwagenstellpl\u00e4tzen<\/strong> in S\u00fcdfrankreich in Grau d&#8217;Agde, nur wenige Schritte vom Cap d&#8217;Agde entfernt. Z\u00f6gern Sie nicht, auch unsere Mobilhome-Vermietungen in Grau d&#8217;Agde, Chalets oder ausgestattete Zelte zu entdecken.<\/p>\n<\/div><\/div><div class=\"element colonne p-0 cadre\"><div class=\"element images\"><div class=\"image\"><img decoding=\"async\" src=\"https:\/\/www.campinglessablettes.com\/wp-content\/uploads\/2021\/07\/location-emplacement-tente-agde-100x68.jpg\" data-src=\"https:\/\/www.campinglessablettes.com\/wp-content\/uploads\/2021\/07\/location-emplacement-tente-agde.jpg\" alt=\"location emplacement tente agde\" class=\"images_image\" \/><\/div><\/div><\/div><\/div><\/div><\/section>\n\n<section id=\"section-empalcement2\"\" class=\"section bg-white p-t-0\" \/><div class=\"container full\"><div class=\"accordeon\"><div class=\"slide \"><div class=\"slide_image\"><img decoding=\"async\" src=\"https:\/\/www.campinglessablettes.com\/wp-content\/uploads\/2021\/08\/camping-herault-caravaning-100x67.jpg\" data-src=\"https:\/\/www.campinglessablettes.com\/wp-content\/uploads\/2021\/08\/camping-herault-caravaning.jpg\" alt=\"camping herault caravaning\" class=\"\" \/><\/div><\/div><div class=\"slide \"><div class=\"slide_image\"><img decoding=\"async\" src=\"https:\/\/www.campinglessablettes.com\/wp-content\/uploads\/2021\/08\/camping-herault-emplacement-ombre-100x67.jpg\" data-src=\"https:\/\/www.campinglessablettes.com\/wp-content\/uploads\/2021\/08\/camping-herault-emplacement-ombre.jpg\" alt=\"camping herault emplacement ombre\" class=\"\" \/><\/div><\/div><div class=\"slide \"><div class=\"slide_image\"><img decoding=\"async\" src=\"https:\/\/www.campinglessablettes.com\/wp-content\/uploads\/2021\/08\/camping-herault-emplacement-tente-100x67.jpg\" data-src=\"https:\/\/www.campinglessablettes.com\/wp-content\/uploads\/2021\/08\/camping-herault-emplacement-tente.jpg\" alt=\"camping herault emplacement tente\" class=\"\" \/><\/div><\/div><div class=\"slide \"><div class=\"slide_image\"><img decoding=\"async\" src=\"https:\/\/www.campinglessablettes.com\/wp-content\/uploads\/2021\/08\/camping-herault-raccord-electricite-100x67.jpg\" data-src=\"https:\/\/www.campinglessablettes.com\/wp-content\/uploads\/2021\/08\/camping-herault-raccord-electricite.jpg\" alt=\"camping herault raccord electrique\" class=\"\" \/><\/div><\/div><\/div><\/div><\/section>\n\n<section id=\"section-60df0f7880e78\"\" class=\"section bg-white p-t-0 p-b-0\" \/><div class=\"container full\"><div class=\"colonnes-wrap valign-middle \"><div class=\"element colonne p-0 cadre\"><div class=\"element images\"><div class=\"image\"><img decoding=\"async\" src=\"https:\/\/www.campinglessablettes.com\/wp-content\/uploads\/2021\/08\/caravaning-agde-100x68.jpg\" data-src=\"https:\/\/www.campinglessablettes.com\/wp-content\/uploads\/2021\/08\/caravaning-agde.jpg\" alt=\"caravaning agde\" class=\"images_image\" \/><\/div><\/div><\/div><div class=\"element colonne p-6\"><h2 class=\"element section-title left color2 beige-border-right\">Beheizte Toiletten zu Ihrer Verf\u00fcgung<\/h2><div class=\"element bloc-text left \">\n\t<p>Das <strong class=\"bold color2\">Sanit\u00e4rgeb\u00e4ude<\/strong>, das sich durch seine zentrale Lage auf dem Campingplatz in der N\u00e4he aller Mietpl\u00e4tze auszeichnet, wurde vor kurzem f\u00fcr den Komfort aller Camper renoviert.  <\/p>\n<p>Zus\u00e4tzlich zu den zahlreichen Duschkabinen verf\u00fcgt der <a href=\"\/de\/\">Camping en H\u00e9rault<\/a> \u00fcber <strong class=\"bold color2\">3 individuelle beheizte Duschr\u00e4ume<\/strong>, darunter:<\/p>\n<ul>\n<li>Italienische Dusche,<\/li>\n<li>Sp\u00fcle<\/li>\n<li>und Toilette.<\/li>\n<\/ul>\n<p>Ideal, um Ihre Privatsph\u00e4re und Ihren Komfort zu jeder Jahreszeit in der N\u00e4he Ihres Wohnmobilstellplatzes zu wahren. Wir haben auch eine Behindertentoilette, die f\u00fcr Menschen mit eingeschr\u00e4nkter Mobilit\u00e4t zug\u00e4nglich ist.<\/p>\n<\/div><\/div><\/div><\/div><\/section>\n\n<section id=\"section-60df0f788121c\"\" class=\"section bg-white\" \/><div class=\"container extralarge\"><div class=\"element section-title center titre-cta\">Entdecken Sie unsere Vermietungen und unsere Preise<\/div><div class=\"colonnes-wrap valign-middle \"><div class=\"element colonne \"><div class=\"element call-to-action  call-to-action--style-3 call-to-action--big\"><a href=\"https:\/\/www.campinglessablettes.com\/de\/standort-mobil-heim-graue-agde\/\" class=\"call-to-action_link\" title=\"Lesen Sie mehr \u00fcber standorte\"><div class=\"call-to-action_image\"><img decoding=\"async\" src=\"https:\/\/www.campinglessablettes.com\/wp-content\/uploads\/2021\/07\/location-mobil-home-agde-100x75.jpg\" data-src=\"https:\/\/www.campinglessablettes.com\/wp-content\/uploads\/2021\/07\/location-mobil-home-agde.jpg\" alt=\"location mobil home agde\" class=\"big\" \/><\/div><div class=\"call-to-action_contenu\"><div class=\"call-to-action_titre\">Standorte<\/div><\/div><\/a><\/div><\/div><div class=\"element colonne \"><div class=\"element call-to-action  call-to-action--style-3 call-to-action--big\"><a href=\"https:\/\/www.campinglessablettes.com\/de\/billig-camping-grau-agde\/\" class=\"call-to-action_link\" title=\"Lesen Sie mehr \u00fcber preise\"><div class=\"call-to-action_image\"><img decoding=\"async\" src=\"https:\/\/www.campinglessablettes.com\/wp-content\/uploads\/2021\/07\/camping-petit-prix-agde-2-100x75.jpg\" data-src=\"https:\/\/www.campinglessablettes.com\/wp-content\/uploads\/2021\/07\/camping-petit-prix-agde-2.jpg\" alt=\"camping petit prix agde\" class=\"big\" \/><\/div><div class=\"call-to-action_contenu\"><div class=\"call-to-action_titre\">Preise<\/div><\/div><\/a><\/div><\/div><div class=\"element colonne \"><div class=\"element call-to-action  call-to-action--style-3 call-to-action--big\"><a href=\"https:\/\/www.campinglessablettes.com\/de\/campingplatz-wasserpark-grau-adge\/\" class=\"call-to-action_link\" title=\"Lesen Sie mehr \u00fcber schwimmbad\"><div class=\"call-to-action_image\"><img decoding=\"async\" src=\"https:\/\/www.campinglessablettes.com\/wp-content\/uploads\/2021\/07\/camping-piscine-herault-100x75.jpg\" data-src=\"https:\/\/www.campinglessablettes.com\/wp-content\/uploads\/2021\/07\/camping-piscine-herault.jpg\" alt=\"camping piscine herault\" class=\"big\" \/><\/div><div class=\"call-to-action_contenu\"><div class=\"call-to-action_titre\">Schwimmbad<\/div><\/div><\/a><\/div><\/div><\/div><\/div><\/section>","protected":false},"excerpt":{"rendered":"","protected":false},"author":1,"featured_media":1125,"parent":0,"menu_order":0,"comment_status":"closed","ping_status":"closed","template":"","meta":{"_acf_changed":false,"footnotes":""},"class_list":["post-2783","page","type-page","status-publish","has-post-thumbnail","hentry"],"acf":[],"yoast_head":"<!-- This site is optimized with the Yoast SEO plugin v23.4 - https:\/\/yoast.com\/wordpress\/plugins\/seo\/ -->\n<title>Stellplatz mieten Grau d&#039;Agde | Wohnmobilstellplatz in H\u00e9rault<\/title>\n<meta name=\"robots\" content=\"index, follow, max-snippet:-1, max-image-preview:large, max-video-preview:-1\" \/>\n<link rel=\"canonical\" href=\"https:\/\/www.campinglessablettes.com\/de\/standort-grau-agde\/\" \/>\n<meta property=\"og:locale\" content=\"de_DE\" \/>\n<meta property=\"og:type\" content=\"article\" \/>\n<meta property=\"og:title\" content=\"Stellplatz mieten Grau d&#039;Agde | Wohnmobilstellplatz in H\u00e9rault\" \/>\n<meta property=\"og:url\" content=\"https:\/\/www.campinglessablettes.com\/de\/standort-grau-agde\/\" \/>\n<meta property=\"og:site_name\" content=\"Camping les Sablettes\" \/>\n<meta property=\"article:modified_time\" content=\"2021-09-24T12:21:25+00:00\" \/>\n<meta property=\"og:image\" content=\"https:\/\/www.campinglessablettes.com\/wp-content\/uploads\/2021\/07\/location-emplacement-agde-2.jpg\" \/>\n\t<meta property=\"og:image:width\" content=\"1904\" \/>\n\t<meta property=\"og:image:height\" content=\"550\" \/>\n\t<meta property=\"og:image:type\" content=\"image\/jpeg\" \/>\n<meta name=\"twitter:card\" content=\"summary_large_image\" \/>\n<script type=\"application\/ld+json\" class=\"yoast-schema-graph\">{\"@context\":\"https:\/\/schema.org\",\"@graph\":[{\"@type\":\"WebPage\",\"@id\":\"https:\/\/www.campinglessablettes.com\/de\/standort-grau-agde\/\",\"url\":\"https:\/\/www.campinglessablettes.com\/de\/standort-grau-agde\/\",\"name\":\"Stellplatz mieten Grau d'Agde | Wohnmobilstellplatz in H\u00e9rault\",\"isPartOf\":{\"@id\":\"https:\/\/www.campinglessablettes.com\/de\/#website\"},\"primaryImageOfPage\":{\"@id\":\"https:\/\/www.campinglessablettes.com\/de\/standort-grau-agde\/#primaryimage\"},\"image\":{\"@id\":\"https:\/\/www.campinglessablettes.com\/de\/standort-grau-agde\/#primaryimage\"},\"thumbnailUrl\":\"https:\/\/www.campinglessablettes.com\/wp-content\/uploads\/2021\/07\/location-emplacement-agde-2.jpg\",\"datePublished\":\"2021-06-28T12:16:50+00:00\",\"dateModified\":\"2021-09-24T12:21:25+00:00\",\"breadcrumb\":{\"@id\":\"https:\/\/www.campinglessablettes.com\/de\/standort-grau-agde\/#breadcrumb\"},\"inLanguage\":\"de\",\"potentialAction\":[{\"@type\":\"ReadAction\",\"target\":[\"https:\/\/www.campinglessablettes.com\/de\/standort-grau-agde\/\"]}]},{\"@type\":\"ImageObject\",\"inLanguage\":\"de\",\"@id\":\"https:\/\/www.campinglessablettes.com\/de\/standort-grau-agde\/#primaryimage\",\"url\":\"https:\/\/www.campinglessablettes.com\/wp-content\/uploads\/2021\/07\/location-emplacement-agde-2.jpg\",\"contentUrl\":\"https:\/\/www.campinglessablettes.com\/wp-content\/uploads\/2021\/07\/location-emplacement-agde-2.jpg\",\"width\":1904,\"height\":550,\"caption\":\"location emplacement agde\"},{\"@type\":\"BreadcrumbList\",\"@id\":\"https:\/\/www.campinglessablettes.com\/de\/standort-grau-agde\/#breadcrumb\",\"itemListElement\":[{\"@type\":\"ListItem\",\"position\":1,\"name\":\"Camping H\u00e9rault\",\"item\":\"https:\/\/www.campinglessablettes.com\/de\/\"},{\"@type\":\"ListItem\",\"position\":2,\"name\":\"Standort in Agde\"}]},{\"@type\":\"WebSite\",\"@id\":\"https:\/\/www.campinglessablettes.com\/de\/#website\",\"url\":\"https:\/\/www.campinglessablettes.com\/de\/\",\"name\":\"Camping les Sablettes\",\"description\":\"\",\"publisher\":{\"@id\":\"https:\/\/www.campinglessablettes.com\/de\/#organization\"},\"potentialAction\":[{\"@type\":\"SearchAction\",\"target\":{\"@type\":\"EntryPoint\",\"urlTemplate\":\"https:\/\/www.campinglessablettes.com\/de\/?s={search_term_string}\"},\"query-input\":{\"@type\":\"PropertyValueSpecification\",\"valueRequired\":true,\"valueName\":\"search_term_string\"}}],\"inLanguage\":\"de\"},{\"@type\":\"Organization\",\"@id\":\"https:\/\/www.campinglessablettes.com\/de\/#organization\",\"name\":\"Camping Les Sablettes\",\"url\":\"https:\/\/www.campinglessablettes.com\/de\/\",\"logo\":{\"@type\":\"ImageObject\",\"inLanguage\":\"de\",\"@id\":\"https:\/\/www.campinglessablettes.com\/de\/#\/schema\/logo\/image\/\",\"url\":\"https:\/\/www.campinglessablettes.com\/wp-content\/uploads\/2021\/06\/logo-camping-sablettes.png\",\"contentUrl\":\"https:\/\/www.campinglessablettes.com\/wp-content\/uploads\/2021\/06\/logo-camping-sablettes.png\",\"width\":210,\"height\":157,\"caption\":\"Camping Les Sablettes\"},\"image\":{\"@id\":\"https:\/\/www.campinglessablettes.com\/de\/#\/schema\/logo\/image\/\"}}]}<\/script>\n<!-- \/ Yoast SEO plugin. -->","yoast_head_json":{"title":"Stellplatz mieten Grau d'Agde | Wohnmobilstellplatz in H\u00e9rault","robots":{"index":"index","follow":"follow","max-snippet":"max-snippet:-1","max-image-preview":"max-image-preview:large","max-video-preview":"max-video-preview:-1"},"canonical":"https:\/\/www.campinglessablettes.com\/de\/standort-grau-agde\/","og_locale":"de_DE","og_type":"article","og_title":"Stellplatz mieten Grau d'Agde | Wohnmobilstellplatz in H\u00e9rault","og_url":"https:\/\/www.campinglessablettes.com\/de\/standort-grau-agde\/","og_site_name":"Camping les Sablettes","article_modified_time":"2021-09-24T12:21:25+00:00","og_image":[{"width":1904,"height":550,"url":"https:\/\/www.campinglessablettes.com\/wp-content\/uploads\/2021\/07\/location-emplacement-agde-2.jpg","type":"image\/jpeg"}],"twitter_card":"summary_large_image","schema":{"@context":"https:\/\/schema.org","@graph":[{"@type":"WebPage","@id":"https:\/\/www.campinglessablettes.com\/de\/standort-grau-agde\/","url":"https:\/\/www.campinglessablettes.com\/de\/standort-grau-agde\/","name":"Stellplatz mieten Grau d'Agde | Wohnmobilstellplatz in H\u00e9rault","isPartOf":{"@id":"https:\/\/www.campinglessablettes.com\/de\/#website"},"primaryImageOfPage":{"@id":"https:\/\/www.campinglessablettes.com\/de\/standort-grau-agde\/#primaryimage"},"image":{"@id":"https:\/\/www.campinglessablettes.com\/de\/standort-grau-agde\/#primaryimage"},"thumbnailUrl":"https:\/\/www.campinglessablettes.com\/wp-content\/uploads\/2021\/07\/location-emplacement-agde-2.jpg","datePublished":"2021-06-28T12:16:50+00:00","dateModified":"2021-09-24T12:21:25+00:00","breadcrumb":{"@id":"https:\/\/www.campinglessablettes.com\/de\/standort-grau-agde\/#breadcrumb"},"inLanguage":"de","potentialAction":[{"@type":"ReadAction","target":["https:\/\/www.campinglessablettes.com\/de\/standort-grau-agde\/"]}]},{"@type":"ImageObject","inLanguage":"de","@id":"https:\/\/www.campinglessablettes.com\/de\/standort-grau-agde\/#primaryimage","url":"https:\/\/www.campinglessablettes.com\/wp-content\/uploads\/2021\/07\/location-emplacement-agde-2.jpg","contentUrl":"https:\/\/www.campinglessablettes.com\/wp-content\/uploads\/2021\/07\/location-emplacement-agde-2.jpg","width":1904,"height":550,"caption":"location emplacement agde"},{"@type":"BreadcrumbList","@id":"https:\/\/www.campinglessablettes.com\/de\/standort-grau-agde\/#breadcrumb","itemListElement":[{"@type":"ListItem","position":1,"name":"Camping H\u00e9rault","item":"https:\/\/www.campinglessablettes.com\/de\/"},{"@type":"ListItem","position":2,"name":"Standort in Agde"}]},{"@type":"WebSite","@id":"https:\/\/www.campinglessablettes.com\/de\/#website","url":"https:\/\/www.campinglessablettes.com\/de\/","name":"Camping les Sablettes","description":"","publisher":{"@id":"https:\/\/www.campinglessablettes.com\/de\/#organization"},"potentialAction":[{"@type":"SearchAction","target":{"@type":"EntryPoint","urlTemplate":"https:\/\/www.campinglessablettes.com\/de\/?s={search_term_string}"},"query-input":{"@type":"PropertyValueSpecification","valueRequired":true,"valueName":"search_term_string"}}],"inLanguage":"de"},{"@type":"Organization","@id":"https:\/\/www.campinglessablettes.com\/de\/#organization","name":"Camping Les Sablettes","url":"https:\/\/www.campinglessablettes.com\/de\/","logo":{"@type":"ImageObject","inLanguage":"de","@id":"https:\/\/www.campinglessablettes.com\/de\/#\/schema\/logo\/image\/","url":"https:\/\/www.campinglessablettes.com\/wp-content\/uploads\/2021\/06\/logo-camping-sablettes.png","contentUrl":"https:\/\/www.campinglessablettes.com\/wp-content\/uploads\/2021\/06\/logo-camping-sablettes.png","width":210,"height":157,"caption":"Camping Les Sablettes"},"image":{"@id":"https:\/\/www.campinglessablettes.com\/de\/#\/schema\/logo\/image\/"}}]}},"_links":{"self":[{"href":"https:\/\/www.campinglessablettes.com\/de\/wp-json\/wp\/v2\/pages\/2783","targetHints":{"allow":["GET"]}}],"collection":[{"href":"https:\/\/www.campinglessablettes.com\/de\/wp-json\/wp\/v2\/pages"}],"about":[{"href":"https:\/\/www.campinglessablettes.com\/de\/wp-json\/wp\/v2\/types\/page"}],"author":[{"embeddable":true,"href":"https:\/\/www.campinglessablettes.com\/de\/wp-json\/wp\/v2\/users\/1"}],"replies":[{"embeddable":true,"href":"https:\/\/www.campinglessablettes.com\/de\/wp-json\/wp\/v2\/comments?post=2783"}],"version-history":[{"count":15,"href":"https:\/\/www.campinglessablettes.com\/de\/wp-json\/wp\/v2\/pages\/2783\/revisions"}],"predecessor-version":[{"id":4486,"href":"https:\/\/www.campinglessablettes.com\/de\/wp-json\/wp\/v2\/pages\/2783\/revisions\/4486"}],"wp:featuredmedia":[{"embeddable":true,"href":"https:\/\/www.campinglessablettes.com\/de\/wp-json\/wp\/v2\/media\/1125"}],"wp:attachment":[{"href":"https:\/\/www.campinglessablettes.com\/de\/wp-json\/wp\/v2\/media?parent=2783"}],"curies":[{"name":"wp","href":"https:\/\/api.w.org\/{rel}","templated":true}]}}