{"id":2846,"date":"2021-06-28T14:15:59","date_gmt":"2021-06-28T12:15:59","guid":{"rendered":"https:\/\/www.campinglessablettes.com\/camping-bord-de-mer-grau-agde\/"},"modified":"2021-09-24T14:19:28","modified_gmt":"2021-09-24T12:19:28","slug":"camping-am-meer-grau-agde","status":"publish","type":"page","link":"https:\/\/www.campinglessablettes.com\/de\/camping-am-meer-grau-agde\/","title":{"rendered":"Bord de mer"},"content":{"rendered":"<section id=\"section-60df0f78801ee\"\" class=\"section bg-white\" \/><div class=\"container extralarge\"><h1 class=\"element section-title center sablettes-citation color2\">Camping am Meer in Grau d&#8217;Agde<\/h1><\/div><\/section>\n\n<section id=\"section-60df0f7880903\"\" class=\"section bg-white p-t-0 p-b-0\" \/><div class=\"container full\"><div class=\"colonnes-wrap valign-middle \"><div class=\"element colonne p-0 cadre\"><div class=\"element images\"><div class=\"image\"><img decoding=\"async\" src=\"https:\/\/www.campinglessablettes.com\/wp-content\/uploads\/2021\/09\/plage-grande-conque-1-100x68.jpg\" data-src=\"https:\/\/www.campinglessablettes.com\/wp-content\/uploads\/2021\/09\/plage-grande-conque-1.jpg\" alt=\"camping plage herault\" class=\"images_image\" \/><\/div><\/div><\/div><div class=\"element colonne p-6\"><h2 class=\"element section-title left color1 beige-border-right\">Camping am Meer<\/h2><div class=\"element bloc-text left \">\n\t<p>Dank der idealen Lage des <a href=\"\/de\/\">Campingplatzes Les Sablettes<\/a> in S\u00fcdfrankreich am Meer, nur wenige Minuten von Cap d&#8217;Agde, dem Meer und den Str\u00e4nden entfernt, findet jeder etwas, um sich zu besch\u00e4ftigen und seinen Urlaub zu genie\u00dfen!<\/p>\n<p>F\u00fcr einen Aufenthalt am Meer, reich an Spa\u00df, kulturellen und sportlichen Aktivit\u00e4ten, in der Ruhe oder im Freien, mit der ganzen Familie, bieten wir Ihnen Entdeckungen f\u00fcr jedes Alter und alle W\u00fcnsche.<\/p>\n<p>Vom <strong class=\"bold color1\">Strand des Pinienwaldes von La Tamarissi\u00e8re<\/strong>, \u00fcber die von Grau d&#8217;Agde und Cap d&#8217;Agde, 14 km <strong class=\"bold color1\">blonde Sandstr\u00e4nde<\/strong> &#8211; und eine <strong class=\"bold color1\">vulkanische Bucht<\/strong> am Fu\u00dfe der <strong class=\"bold color1\">Grand Conque Klippen<\/strong> &#8211; sind in 10 \u00fcberwachte Str\u00e4nde unterteilt, die zum Entspannen mit der Familie oder mit Freunden einladen. <\/p>\n<p>Qualit\u00e4t, Sicherheit, Komfort, Freizeitaktivit\u00e4ten: Alles ist vorhanden, damit jeder einen erholsamen Aufenthalt am Strand genie\u00dfen kann, auf seine Weise und in seinem eigenen Tempo.<\/p>\n<\/div><\/div><\/div><\/div><\/section>\n\n<section id=\"section-borddemer1\"\" class=\"section bg-white p-t-0\" \/><div class=\"container full\"><div class=\"accordeon\"><div class=\"slide \"><div class=\"slide_image\"><img decoding=\"async\" src=\"https:\/\/www.campinglessablettes.com\/wp-content\/uploads\/2021\/09\/plage-cle-sablettes-100x67.jpg\" data-src=\"https:\/\/www.campinglessablettes.com\/wp-content\/uploads\/2021\/09\/plage-cle-sablettes.jpg\" alt=\"plage-cl\u00e9-sablettes\" class=\"\" \/><\/div><\/div><div class=\"slide \"><div class=\"slide_image\"><img decoding=\"async\" src=\"https:\/\/www.campinglessablettes.com\/wp-content\/uploads\/2021\/09\/plage-sac-sablettes-100x67.jpg\" data-src=\"https:\/\/www.campinglessablettes.com\/wp-content\/uploads\/2021\/09\/plage-sac-sablettes.jpg\" alt=\"plage-sac-sablettes\" class=\"\" \/><\/div><\/div><div class=\"slide \"><div class=\"slide_image\"><img decoding=\"async\" src=\"https:\/\/www.campinglessablettes.com\/wp-content\/uploads\/2021\/09\/plage-prive-sablettes-100x67.jpg\" data-src=\"https:\/\/www.campinglessablettes.com\/wp-content\/uploads\/2021\/09\/plage-prive-sablettes.jpg\" alt=\"plage-priv\u00e9-sablettes\" class=\"\" \/><\/div><\/div><div class=\"slide \"><div class=\"slide_image\"><img decoding=\"async\" src=\"https:\/\/www.campinglessablettes.com\/wp-content\/uploads\/2021\/09\/phare-plage-sablettes-100x67.jpg\" data-src=\"https:\/\/www.campinglessablettes.com\/wp-content\/uploads\/2021\/09\/phare-plage-sablettes.jpg\" alt=\"phare-plage-sablettes\" class=\"\" \/><\/div><\/div><\/div><\/div><\/section>\n\n<section id=\"section-60df0f7880bc8\"\" class=\"section bg-color4 p-t-0 p-b-0\" \/><div class=\"container full\"><div class=\"colonnes-wrap valign-middle \"><div class=\"element colonne p-6\"><h2 class=\"element section-title left white blue-border-left\">Die sch\u00f6nsten Str\u00e4nde im H\u00e9rault<\/h2><div class=\"element bloc-text left \">\n\t<p>Denn Urlaub am <strong class=\"bold color3\">Mittelmeer<\/strong> reimt sich auf Strand, warmer Sand&#8230; Stellen Sie sich vor, wie sich Ihre Zehen ausbreiten, Sie liegen auf Ihrem Handtuch und lauschen dem Pl\u00e4tschern der Meereswellen. <\/p>\n<p>Unsere Region Languedoc-Roussillon ist voll von <strong class=\"bold color3\">wundersch\u00f6nen Str\u00e4nden<\/strong>, um sch\u00f6ne Momente und Erinnerungen mit Ihrer Familie zu teilen. Sandburgen, Schneeschuhwandern, Spazierg\u00e4nge bei Sonnenuntergang&#8230; <\/p>\n<p>Ob wild, mythisch, lebendig oder malerisch, die Str\u00e4nde unseres Gebiets bieten eine erstaunliche Vielfalt, um das Mittelmeer zu genie\u00dfen!<\/p>\n<\/div><\/div><div class=\"element colonne p-0 cadre\"><div class=\"element images\"><div class=\"image\"><img decoding=\"async\" src=\"https:\/\/www.campinglessablettes.com\/wp-content\/uploads\/2021\/07\/camping-plage-agde-100x68.jpg\" data-src=\"https:\/\/www.campinglessablettes.com\/wp-content\/uploads\/2021\/07\/camping-plage-agde.jpg\" alt=\"camping plage agde\" class=\"images_image\" \/><\/div><\/div><\/div><\/div><\/div><\/section>\n\n<section id=\"section-borddemer2\"\" class=\"section bg-white p-t-0\" \/><div class=\"container full\"><div class=\"accordeon\"><div class=\"slide \"><div class=\"slide_image\"><img decoding=\"async\" src=\"https:\/\/www.campinglessablettes.com\/wp-content\/uploads\/2021\/08\/camping-herault-sport-nautique-100x67.jpg\" data-src=\"https:\/\/www.campinglessablettes.com\/wp-content\/uploads\/2021\/08\/camping-herault-sport-nautique.jpg\" alt=\"camping herault sport nautique\" class=\"\" \/><\/div><\/div><div class=\"slide \"><div class=\"slide_image\"><img decoding=\"async\" src=\"https:\/\/www.campinglessablettes.com\/wp-content\/uploads\/2021\/08\/camping-herault-jetski-100x67.jpg\" data-src=\"https:\/\/www.campinglessablettes.com\/wp-content\/uploads\/2021\/08\/camping-herault-jetski.jpg\" alt=\"camping herault jetski\" class=\"\" \/><\/div><\/div><div class=\"slide \"><div class=\"slide_image\"><img decoding=\"async\" src=\"https:\/\/www.campinglessablettes.com\/wp-content\/uploads\/2021\/08\/camping-herault-sport-aquatique-100x67.jpg\" data-src=\"https:\/\/www.campinglessablettes.com\/wp-content\/uploads\/2021\/08\/camping-herault-sport-aquatique.jpg\" alt=\"camping herault sport aquatique\" class=\"\" \/><\/div><\/div><div class=\"slide \"><div class=\"slide_image\"><img decoding=\"async\" src=\"https:\/\/www.campinglessablettes.com\/wp-content\/uploads\/2021\/08\/camping-herault-paddle-100x67.jpg\" data-src=\"https:\/\/www.campinglessablettes.com\/wp-content\/uploads\/2021\/08\/camping-herault-paddle.jpg\" alt=\"camping herault paddle\" class=\"\" \/><\/div><\/div><\/div><\/div><\/section>\n\n<section id=\"section-60df0f7880e78\"\" class=\"section bg-white p-t-0 p-b-0\" \/><div class=\"container full\"><div class=\"colonnes-wrap valign-middle \"><div class=\"element colonne p-0 cadre\"><div class=\"element images\"><div class=\"image\"><img decoding=\"async\" src=\"https:\/\/www.campinglessablettes.com\/wp-content\/uploads\/2021\/07\/camping-activites-nautiques-herault-100x68.jpg\" data-src=\"https:\/\/www.campinglessablettes.com\/wp-content\/uploads\/2021\/07\/camping-activites-nautiques-herault.jpg\" alt=\"camping activites nautiques herault\" class=\"images_image\" \/><\/div><\/div><\/div><div class=\"element colonne p-6\"><h2 class=\"element section-title left color2 beige-border-right\">Wasseraktivit\u00e4ten in Agde<\/h2><div class=\"element bloc-text left \">\n\t<p>Nutzen Sie Ihren Aufenthalt auf dem Campingplatz Les Sablettes mit dem beheizten Schwimmbad f\u00fcr eine <strong class=\"bold color2\">Wassersportaktivit\u00e4t<\/strong> mit Familie oder Freunden! Unser mediterranes Reiseziel bietet eine Vielzahl von abwechslungsreichen Wassersportaktivit\u00e4ten f\u00fcr alle Altersgruppen!<\/p>\n<p>In der N\u00e4he des Campingplatzes Les Sablettes in der Gegend von Cap d&#8217;Agde befindet sich das Centre Nautique, eine Referenz in Sachen <strong class=\"bold color2\">Wassersportaktivit\u00e4ten<\/strong>. Holen Sie sich die Sensationen beim Segeln, Kitesurfen, Paddeln und Katamaranfahren.<\/p>\n<p>F\u00fcr <strong class=\"bold color2\">starke Sensationen<\/strong>, entscheiden Sie sich f\u00fcr Schleppbojen im Mittelmeer!<br \/>\nSurfen Sie auf den Wellen des Mittelmeers auf der Seite des Languedoc-Roussillon, indem Sie einen <strong class=\"bold color2\">Jetski<\/strong> mieten und auf dem Wasser zu den zahlreichen Str\u00e4nden von Cap d&#8217;Agde fahren. Bei dieser Jet-Aktivit\u00e4t im Languedoc-Roussillon k\u00f6nnen Sie die herrlichen Vulkanklippen, B\u00e4che und Pinienw\u00e4lder entdecken.<\/p>\n<\/div><\/div><\/div><\/div><\/section>\n\n<section id=\"section-60df0f788121c\"\" class=\"section bg-white\" \/><div class=\"container extralarge\"><div class=\"element section-title center titre-cta\">Entdecken Sie unser Schwimmbad und das Meer<\/div><div class=\"colonnes-wrap valign-middle \"><div class=\"element colonne \"><div class=\"element call-to-action  call-to-action--style-3 call-to-action--big\"><a href=\"https:\/\/www.campinglessablettes.com\/de\/campingplatz-wasserpark-grau-adge\/\" class=\"call-to-action_link\" title=\"Lesen Sie mehr \u00fcber schwimmbad\"><div class=\"call-to-action_image\"><img decoding=\"async\" src=\"https:\/\/www.campinglessablettes.com\/wp-content\/uploads\/2021\/07\/camping-piscine-herault-100x75.jpg\" data-src=\"https:\/\/www.campinglessablettes.com\/wp-content\/uploads\/2021\/07\/camping-piscine-herault.jpg\" alt=\"camping piscine herault\" class=\"big\" \/><\/div><div class=\"call-to-action_contenu\"><div class=\"call-to-action_titre\">Schwimmbad<\/div><\/div><\/a><\/div><\/div><div class=\"element colonne \"><div class=\"element call-to-action  call-to-action--style-3 call-to-action--big\"><a href=\"https:\/\/www.campinglessablettes.com\/de\/camping-animationen-grau-agde\/\" class=\"call-to-action_link\" title=\"Lesen Sie mehr \u00fcber aktivit\u00e4ten und unterhaltung\"><div class=\"call-to-action_image\"><img decoding=\"async\" src=\"https:\/\/www.campinglessablettes.com\/wp-content\/uploads\/2021\/07\/camping-aire-jeux-herault-100x75.jpg\" data-src=\"https:\/\/www.campinglessablettes.com\/wp-content\/uploads\/2021\/07\/camping-aire-jeux-herault.jpg\" alt=\"camping aire jeux herault\" class=\"big\" \/><\/div><div class=\"call-to-action_contenu\"><div class=\"call-to-action_titre\">Aktivit\u00e4ten und Unterhaltung<\/div><\/div><\/a><\/div><\/div><div class=\"element colonne \"><div class=\"element call-to-action  call-to-action--style-3 call-to-action--big\"><a href=\"https:\/\/www.campinglessablettes.com\/de\/standort-mobil-heim-graue-agde\/\" class=\"call-to-action_link\" title=\"Lesen Sie mehr \u00fcber standorte\"><div class=\"call-to-action_image\"><img decoding=\"async\" src=\"https:\/\/www.campinglessablettes.com\/wp-content\/uploads\/2021\/07\/location-mobil-home-agde-100x75.jpg\" data-src=\"https:\/\/www.campinglessablettes.com\/wp-content\/uploads\/2021\/07\/location-mobil-home-agde.jpg\" alt=\"location mobil home agde\" class=\"big\" \/><\/div><div class=\"call-to-action_contenu\"><div class=\"call-to-action_titre\">Standorte<\/div><\/div><\/a><\/div><\/div><\/div><\/div><\/section>","protected":false},"excerpt":{"rendered":"","protected":false},"author":1,"featured_media":3738,"parent":0,"menu_order":0,"comment_status":"closed","ping_status":"closed","template":"","meta":{"_acf_changed":false,"footnotes":""},"class_list":["post-2846","page","type-page","status-publish","has-post-thumbnail","hentry"],"acf":[],"yoast_head":"<!-- This site is optimized with the Yoast SEO plugin v23.4 - https:\/\/yoast.com\/wordpress\/plugins\/seo\/ -->\n<title>Camping am Meer Grau d&#039;Agde | Strand, Str\u00e4nde im H\u00e9rault<\/title>\n<meta name=\"robots\" content=\"index, follow, max-snippet:-1, max-image-preview:large, max-video-preview:-1\" \/>\n<link rel=\"canonical\" href=\"https:\/\/www.campinglessablettes.com\/de\/camping-am-meer-grau-agde\/\" \/>\n<meta property=\"og:locale\" content=\"de_DE\" \/>\n<meta property=\"og:type\" content=\"article\" \/>\n<meta property=\"og:title\" content=\"Camping am Meer Grau d&#039;Agde | Strand, Str\u00e4nde im H\u00e9rault\" \/>\n<meta property=\"og:url\" content=\"https:\/\/www.campinglessablettes.com\/de\/camping-am-meer-grau-agde\/\" \/>\n<meta property=\"og:site_name\" content=\"Camping les Sablettes\" \/>\n<meta property=\"article:modified_time\" content=\"2021-09-24T12:19:28+00:00\" \/>\n<meta property=\"og:image\" content=\"https:\/\/www.campinglessablettes.com\/wp-content\/uploads\/2021\/09\/bord-de-mer.jpg\" \/>\n\t<meta property=\"og:image:width\" content=\"1900\" \/>\n\t<meta property=\"og:image:height\" content=\"600\" \/>\n\t<meta property=\"og:image:type\" content=\"image\/jpeg\" \/>\n<meta name=\"twitter:card\" content=\"summary_large_image\" \/>\n<script type=\"application\/ld+json\" class=\"yoast-schema-graph\">{\"@context\":\"https:\/\/schema.org\",\"@graph\":[{\"@type\":\"WebPage\",\"@id\":\"https:\/\/www.campinglessablettes.com\/de\/camping-am-meer-grau-agde\/\",\"url\":\"https:\/\/www.campinglessablettes.com\/de\/camping-am-meer-grau-agde\/\",\"name\":\"Camping am Meer Grau d'Agde | Strand, Str\u00e4nde im H\u00e9rault\",\"isPartOf\":{\"@id\":\"https:\/\/www.campinglessablettes.com\/de\/#website\"},\"primaryImageOfPage\":{\"@id\":\"https:\/\/www.campinglessablettes.com\/de\/camping-am-meer-grau-agde\/#primaryimage\"},\"image\":{\"@id\":\"https:\/\/www.campinglessablettes.com\/de\/camping-am-meer-grau-agde\/#primaryimage\"},\"thumbnailUrl\":\"https:\/\/www.campinglessablettes.com\/wp-content\/uploads\/2021\/09\/bord-de-mer.jpg\",\"datePublished\":\"2021-06-28T12:15:59+00:00\",\"dateModified\":\"2021-09-24T12:19:28+00:00\",\"breadcrumb\":{\"@id\":\"https:\/\/www.campinglessablettes.com\/de\/camping-am-meer-grau-agde\/#breadcrumb\"},\"inLanguage\":\"de\",\"potentialAction\":[{\"@type\":\"ReadAction\",\"target\":[\"https:\/\/www.campinglessablettes.com\/de\/camping-am-meer-grau-agde\/\"]}]},{\"@type\":\"ImageObject\",\"inLanguage\":\"de\",\"@id\":\"https:\/\/www.campinglessablettes.com\/de\/camping-am-meer-grau-agde\/#primaryimage\",\"url\":\"https:\/\/www.campinglessablettes.com\/wp-content\/uploads\/2021\/09\/bord-de-mer.jpg\",\"contentUrl\":\"https:\/\/www.campinglessablettes.com\/wp-content\/uploads\/2021\/09\/bord-de-mer.jpg\",\"width\":1900,\"height\":600,\"caption\":\"bord-de-mer\"},{\"@type\":\"BreadcrumbList\",\"@id\":\"https:\/\/www.campinglessablettes.com\/de\/camping-am-meer-grau-agde\/#breadcrumb\",\"itemListElement\":[{\"@type\":\"ListItem\",\"position\":1,\"name\":\"Camping H\u00e9rault\",\"item\":\"https:\/\/www.campinglessablettes.com\/de\/\"},{\"@type\":\"ListItem\",\"position\":2,\"name\":\"Camping in der N\u00e4he des Meeres in Agde\"}]},{\"@type\":\"WebSite\",\"@id\":\"https:\/\/www.campinglessablettes.com\/de\/#website\",\"url\":\"https:\/\/www.campinglessablettes.com\/de\/\",\"name\":\"Camping les Sablettes\",\"description\":\"\",\"publisher\":{\"@id\":\"https:\/\/www.campinglessablettes.com\/de\/#organization\"},\"potentialAction\":[{\"@type\":\"SearchAction\",\"target\":{\"@type\":\"EntryPoint\",\"urlTemplate\":\"https:\/\/www.campinglessablettes.com\/de\/?s={search_term_string}\"},\"query-input\":{\"@type\":\"PropertyValueSpecification\",\"valueRequired\":true,\"valueName\":\"search_term_string\"}}],\"inLanguage\":\"de\"},{\"@type\":\"Organization\",\"@id\":\"https:\/\/www.campinglessablettes.com\/de\/#organization\",\"name\":\"Camping Les Sablettes\",\"url\":\"https:\/\/www.campinglessablettes.com\/de\/\",\"logo\":{\"@type\":\"ImageObject\",\"inLanguage\":\"de\",\"@id\":\"https:\/\/www.campinglessablettes.com\/de\/#\/schema\/logo\/image\/\",\"url\":\"https:\/\/www.campinglessablettes.com\/wp-content\/uploads\/2021\/06\/logo-camping-sablettes.png\",\"contentUrl\":\"https:\/\/www.campinglessablettes.com\/wp-content\/uploads\/2021\/06\/logo-camping-sablettes.png\",\"width\":210,\"height\":157,\"caption\":\"Camping Les Sablettes\"},\"image\":{\"@id\":\"https:\/\/www.campinglessablettes.com\/de\/#\/schema\/logo\/image\/\"}}]}<\/script>\n<!-- \/ Yoast SEO plugin. -->","yoast_head_json":{"title":"Camping am Meer Grau d'Agde | Strand, Str\u00e4nde im H\u00e9rault","robots":{"index":"index","follow":"follow","max-snippet":"max-snippet:-1","max-image-preview":"max-image-preview:large","max-video-preview":"max-video-preview:-1"},"canonical":"https:\/\/www.campinglessablettes.com\/de\/camping-am-meer-grau-agde\/","og_locale":"de_DE","og_type":"article","og_title":"Camping am Meer Grau d'Agde | Strand, Str\u00e4nde im H\u00e9rault","og_url":"https:\/\/www.campinglessablettes.com\/de\/camping-am-meer-grau-agde\/","og_site_name":"Camping les Sablettes","article_modified_time":"2021-09-24T12:19:28+00:00","og_image":[{"width":1900,"height":600,"url":"https:\/\/www.campinglessablettes.com\/wp-content\/uploads\/2021\/09\/bord-de-mer.jpg","type":"image\/jpeg"}],"twitter_card":"summary_large_image","schema":{"@context":"https:\/\/schema.org","@graph":[{"@type":"WebPage","@id":"https:\/\/www.campinglessablettes.com\/de\/camping-am-meer-grau-agde\/","url":"https:\/\/www.campinglessablettes.com\/de\/camping-am-meer-grau-agde\/","name":"Camping am Meer Grau d'Agde | Strand, Str\u00e4nde im H\u00e9rault","isPartOf":{"@id":"https:\/\/www.campinglessablettes.com\/de\/#website"},"primaryImageOfPage":{"@id":"https:\/\/www.campinglessablettes.com\/de\/camping-am-meer-grau-agde\/#primaryimage"},"image":{"@id":"https:\/\/www.campinglessablettes.com\/de\/camping-am-meer-grau-agde\/#primaryimage"},"thumbnailUrl":"https:\/\/www.campinglessablettes.com\/wp-content\/uploads\/2021\/09\/bord-de-mer.jpg","datePublished":"2021-06-28T12:15:59+00:00","dateModified":"2021-09-24T12:19:28+00:00","breadcrumb":{"@id":"https:\/\/www.campinglessablettes.com\/de\/camping-am-meer-grau-agde\/#breadcrumb"},"inLanguage":"de","potentialAction":[{"@type":"ReadAction","target":["https:\/\/www.campinglessablettes.com\/de\/camping-am-meer-grau-agde\/"]}]},{"@type":"ImageObject","inLanguage":"de","@id":"https:\/\/www.campinglessablettes.com\/de\/camping-am-meer-grau-agde\/#primaryimage","url":"https:\/\/www.campinglessablettes.com\/wp-content\/uploads\/2021\/09\/bord-de-mer.jpg","contentUrl":"https:\/\/www.campinglessablettes.com\/wp-content\/uploads\/2021\/09\/bord-de-mer.jpg","width":1900,"height":600,"caption":"bord-de-mer"},{"@type":"BreadcrumbList","@id":"https:\/\/www.campinglessablettes.com\/de\/camping-am-meer-grau-agde\/#breadcrumb","itemListElement":[{"@type":"ListItem","position":1,"name":"Camping H\u00e9rault","item":"https:\/\/www.campinglessablettes.com\/de\/"},{"@type":"ListItem","position":2,"name":"Camping in der N\u00e4he des Meeres in Agde"}]},{"@type":"WebSite","@id":"https:\/\/www.campinglessablettes.com\/de\/#website","url":"https:\/\/www.campinglessablettes.com\/de\/","name":"Camping les Sablettes","description":"","publisher":{"@id":"https:\/\/www.campinglessablettes.com\/de\/#organization"},"potentialAction":[{"@type":"SearchAction","target":{"@type":"EntryPoint","urlTemplate":"https:\/\/www.campinglessablettes.com\/de\/?s={search_term_string}"},"query-input":{"@type":"PropertyValueSpecification","valueRequired":true,"valueName":"search_term_string"}}],"inLanguage":"de"},{"@type":"Organization","@id":"https:\/\/www.campinglessablettes.com\/de\/#organization","name":"Camping Les Sablettes","url":"https:\/\/www.campinglessablettes.com\/de\/","logo":{"@type":"ImageObject","inLanguage":"de","@id":"https:\/\/www.campinglessablettes.com\/de\/#\/schema\/logo\/image\/","url":"https:\/\/www.campinglessablettes.com\/wp-content\/uploads\/2021\/06\/logo-camping-sablettes.png","contentUrl":"https:\/\/www.campinglessablettes.com\/wp-content\/uploads\/2021\/06\/logo-camping-sablettes.png","width":210,"height":157,"caption":"Camping Les Sablettes"},"image":{"@id":"https:\/\/www.campinglessablettes.com\/de\/#\/schema\/logo\/image\/"}}]}},"_links":{"self":[{"href":"https:\/\/www.campinglessablettes.com\/de\/wp-json\/wp\/v2\/pages\/2846","targetHints":{"allow":["GET"]}}],"collection":[{"href":"https:\/\/www.campinglessablettes.com\/de\/wp-json\/wp\/v2\/pages"}],"about":[{"href":"https:\/\/www.campinglessablettes.com\/de\/wp-json\/wp\/v2\/types\/page"}],"author":[{"embeddable":true,"href":"https:\/\/www.campinglessablettes.com\/de\/wp-json\/wp\/v2\/users\/1"}],"replies":[{"embeddable":true,"href":"https:\/\/www.campinglessablettes.com\/de\/wp-json\/wp\/v2\/comments?post=2846"}],"version-history":[{"count":19,"href":"https:\/\/www.campinglessablettes.com\/de\/wp-json\/wp\/v2\/pages\/2846\/revisions"}],"predecessor-version":[{"id":4480,"href":"https:\/\/www.campinglessablettes.com\/de\/wp-json\/wp\/v2\/pages\/2846\/revisions\/4480"}],"wp:featuredmedia":[{"embeddable":true,"href":"https:\/\/www.campinglessablettes.com\/de\/wp-json\/wp\/v2\/media\/3738"}],"wp:attachment":[{"href":"https:\/\/www.campinglessablettes.com\/de\/wp-json\/wp\/v2\/media?parent=2846"}],"curies":[{"name":"wp","href":"https:\/\/api.w.org\/{rel}","templated":true}]}}