{"id":2853,"date":"2021-06-28T14:15:41","date_gmt":"2021-06-28T12:15:41","guid":{"rendered":"https:\/\/www.campinglessablettes.com\/camping-parc-aquatique-grau-adge\/"},"modified":"2021-09-24T14:18:25","modified_gmt":"2021-09-24T12:18:25","slug":"campingplatz-wasserpark-grau-adge","status":"publish","type":"page","link":"https:\/\/www.campinglessablettes.com\/de\/campingplatz-wasserpark-grau-adge\/","title":{"rendered":"Der Pool"},"content":{"rendered":"<section id=\"section-60df0f78801ee\"\" class=\"section bg-white\" \/><div class=\"container extralarge\"><h1 class=\"element section-title center sablettes-citation color2\">Campingplatz mit beheiztem Schwimmbad in Grau d&#8217;Agde<\/h1><\/div><\/section>\n\n<section id=\"section-psicine1\"\" class=\"section bg-white p-t-0\" \/><div class=\"container full\"><div class=\"accordeon\"><div class=\"slide \"><div class=\"slide_image\"><img decoding=\"async\" src=\"https:\/\/www.campinglessablettes.com\/wp-content\/uploads\/2021\/08\/camping-herault-balneo-100x67.jpg\" data-src=\"https:\/\/www.campinglessablettes.com\/wp-content\/uploads\/2021\/08\/camping-herault-balneo.jpg\" alt=\"camping herault balneo\" class=\"\" \/><\/div><\/div><div class=\"slide \"><div class=\"slide_image\"><img decoding=\"async\" src=\"https:\/\/www.campinglessablettes.com\/wp-content\/uploads\/2021\/08\/camping-herault-parc-aquatique-100x67.jpg\" data-src=\"https:\/\/www.campinglessablettes.com\/wp-content\/uploads\/2021\/08\/camping-herault-parc-aquatique.jpg\" alt=\"camping herault parc aquatique\" class=\"\" \/><\/div><\/div><div class=\"slide \"><div class=\"slide_image\"><img decoding=\"async\" src=\"https:\/\/www.campinglessablettes.com\/wp-content\/uploads\/2021\/08\/camping-herault-piscine-pataugeoire-100x67.jpg\" data-src=\"https:\/\/www.campinglessablettes.com\/wp-content\/uploads\/2021\/08\/camping-herault-piscine-pataugeoire.jpg\" alt=\"camping herault piscine pataugeoire\" class=\"\" \/><\/div><\/div><div class=\"slide \"><div class=\"slide_image\"><img decoding=\"async\" src=\"https:\/\/www.campinglessablettes.com\/wp-content\/uploads\/2021\/08\/camping-herault-solarium-100x67.jpg\" data-src=\"https:\/\/www.campinglessablettes.com\/wp-content\/uploads\/2021\/08\/camping-herault-solarium.jpg\" alt=\"camping solarium herault\" class=\"\" \/><\/div><\/div><\/div><\/div><\/section>\n\n<section id=\"section-60df0f7880903\"\" class=\"section bg-white p-t-0 p-b-0\" \/><div class=\"container full\"><div class=\"colonnes-wrap valign-middle \"><div class=\"element colonne p-0 cadre\"><div class=\"element images\"><div class=\"image\"><img decoding=\"async\" src=\"https:\/\/www.campinglessablettes.com\/wp-content\/uploads\/2021\/07\/camping-avec-piscine-agde-100x68.jpg\" data-src=\"https:\/\/www.campinglessablettes.com\/wp-content\/uploads\/2021\/07\/camping-avec-piscine-agde.jpg\" alt=\"camping piscine agde \" class=\"images_image\" \/><\/div><\/div><\/div><div class=\"element colonne p-6\"><h2 class=\"element section-title left color1 beige-border-right\">Unser Campingplatz mit Schwimmbad in Agde<\/h2><div class=\"element bloc-text left \">\n\t<p>Unser Campingplatz in Grau d&#8217;Agde in der Region H\u00e9rault in der N\u00e4he des Mittelmeers bietet Ihnen einen <strong class=\"bold color1\">Wasserpark von 650 m\u00b2<\/strong>. Bestehend aus einem Spielbecken mit Rutsche und einem Planschbecken f\u00fcr Kinder. Der Wasserpark mit Rutsche auf unserem Campingplatz in Cap d&#8217;Agde mit beheiztem Pool ist f\u00fcr alle Altersgruppen geeignet.<\/p>\n<p>Das Schwimmbad des <a href=\"\/de\/\">Camping les Sablettes<\/a> ist ein privilegierter Ort, um sich als Familie zu treffen und andere Urlauber bei verschiedenen Aktivit\u00e4ten, Muskelaufbautraining, Wasserturnieren, Wasserballspielen und der Entdeckung von Sommert\u00e4nzen kennen zu lernen. Ein ideales Wassersportgebiet f\u00fcr den Familienurlaub!<\/p>\n<\/div><h2 class=\"element section-title left color1 beige-border-right m-t-4\">Beheiztes Schwimmbad im H\u00e9rault<\/h2><div class=\"element bloc-text left \">\n\t<p>Unabh\u00e4ngig von der Jahreszeit und der Au\u00dfentemperatur k\u00f6nnen Sie w\u00e4hrend Ihres Aufenthalts auf dem Campingplatz Les Sablettes am Mittelmeer unser <strong class=\"bold color1\">beheiztes Schwimmbad mit Rutsche<\/strong> genie\u00dfen (vom 1. Mai bis zur Schlie\u00dfung). Auch die k\u00e4ltesten Mitglieder Ihrer Familie k\u00f6nnen sich im Wasser entspannen!<\/p>\n<\/div><\/div><\/div><\/div><\/section>\n\n<section id=\"section-psicine2\"\" class=\"section bg-white p-t-0\" \/><div class=\"container full\"><div class=\"accordeon\"><div class=\"slide \"><div class=\"slide_image\"><img decoding=\"async\" src=\"https:\/\/www.campinglessablettes.com\/wp-content\/uploads\/2021\/08\/camping-agde-balneo-100x67.jpg\" data-src=\"https:\/\/www.campinglessablettes.com\/wp-content\/uploads\/2021\/08\/camping-agde-balneo.jpg\" alt=\"camping balneo agde\" class=\"\" \/><\/div><\/div><div class=\"slide \"><div class=\"slide_image\"><img decoding=\"async\" src=\"https:\/\/www.campinglessablettes.com\/wp-content\/uploads\/2021\/08\/camping-agde-solarium-100x67.jpg\" data-src=\"https:\/\/www.campinglessablettes.com\/wp-content\/uploads\/2021\/08\/camping-agde-solarium.jpg\" alt=\"camping solarium agde\" class=\"\" \/><\/div><\/div><div class=\"slide \"><div class=\"slide_image\"><img decoding=\"async\" src=\"https:\/\/www.campinglessablettes.com\/wp-content\/uploads\/2021\/08\/camping-agde-parc-aquatique-100x67.jpg\" data-src=\"https:\/\/www.campinglessablettes.com\/wp-content\/uploads\/2021\/08\/camping-agde-parc-aquatique.jpg\" alt=\"camping parc aquatique agde\" class=\"\" \/><\/div><\/div><div class=\"slide \"><div class=\"slide_image\"><img decoding=\"async\" src=\"https:\/\/www.campinglessablettes.com\/wp-content\/uploads\/2021\/08\/camping-agde-piscine-100x67.jpg\" data-src=\"https:\/\/www.campinglessablettes.com\/wp-content\/uploads\/2021\/08\/camping-agde-piscine.jpg\" alt=\"camping piscine agde\" class=\"\" \/><\/div><\/div><\/div><\/div><\/section>\n\n<section id=\"section-60df0f7880bc8\"\" class=\"section bg-color4 p-t-0 p-b-0\" \/><div class=\"container full\"><div class=\"colonnes-wrap valign-middle \"><div class=\"element colonne p-6\"><h2 class=\"element section-title left white blue-border-left\">Campingplatz mit Planschbecken in Agde<\/h2><div class=\"element bloc-text left \">\n\t<p>Auf dem Campingplatz Les Sablettes finden Sie neben unserem Wasserbereich mit Rutsche auch ein <strong class=\"bold color3\">Kinderplanschbecken<\/strong>! Das Kinderplanschbecken ist ideal f\u00fcr Kleinkinder, die sich in aller Sicherheit vergn\u00fcgen k\u00f6nnen, w\u00e4hrend ihre Eltern mit den F\u00fc\u00dfen im Wasser planschen!<\/p>\n<p>Ein lustiger Bereich f\u00fcr Kinder mit einer <strong class=\"bold color3\">Schlange, die Wasser spuckt<\/strong>, einem Eimer, der sich mit Wasser f\u00fcllt, bis es \u00fcber die Kleinen schwappt! Was f\u00fcr ein Spa\u00df!<\/p>\n<p>Ein toller Ort, um <strong class=\"bold color3\">in den Ferien mit Freunden Spa\u00df zu haben<\/strong>, und Papa und Mama k\u00f6nnen andere Eltern kennen lernen!<\/p>\n<\/div><h2 class=\"element section-title left white blue-border-left m-t-4\">Sonnenb\u00e4nke und Liegest\u00fchle<\/h2><div class=\"element bloc-text left \">\n\t<p>W\u00e4hrend die Kinder im <strong class=\"bold color3\">beheizten Pool<\/strong> spielen, k\u00f6nnen Sie sich auf einem Liegestuhl entspannen und ein Sonnenbad nehmen! Lassen Sie sich fallen und entspannen Sie sich auf den daf\u00fcr vorgesehenen Liegest\u00fchlen, w\u00e4hrend Sie die s\u00fcdliche Hitze genie\u00dfen. Auf den Sonnenb\u00e4nken k\u00f6nnen Sie <strong class=\"bold color3\">gebr\u00e4unt werden<\/strong> oder im Schatten der Sonnenschirme in Ihrer Lieblingszeitschrift bl\u00e4ttern.<\/p>\n<p>Wenn Sie den Geruch der Meeresluft und das Rauschen der Wellen f\u00fcr Ihr Sonnenbad bevorzugen, kommen Sie zum <a href=\"\/de\/camping-am-meer-grau-agde\/\">Seeufer<\/a>, das sich ganz in der N\u00e4he des Campingplatzes Les Sablettes mit beheiztem Pool befindet.<\/p>\n<\/div><\/div><div class=\"element colonne p-0 cadre\"><div class=\"element images\"><div class=\"image\"><img decoding=\"async\" src=\"https:\/\/www.campinglessablettes.com\/wp-content\/uploads\/2021\/07\/camping-avec-toboggan-cap-agde-100x68.jpg\" data-src=\"https:\/\/www.campinglessablettes.com\/wp-content\/uploads\/2021\/07\/camping-avec-toboggan-cap-agde.jpg\" alt=\"camping avec toboggan agde\" class=\"images_image\" \/><\/div><\/div><\/div><\/div><\/div><\/section>\n\n<section id=\"section-60df0f7880e78\"\" class=\"section bg-white p-t-0 p-b-0\" \/><div class=\"container full\"><div class=\"colonnes-wrap valign-middle \"><div class=\"element colonne p-0 cadre\"><div class=\"element images\"><div class=\"image\"><img decoding=\"async\" src=\"https:\/\/www.campinglessablettes.com\/wp-content\/uploads\/2021\/07\/camping-parc-aquatique-agde-100x68.jpg\" data-src=\"https:\/\/www.campinglessablettes.com\/wp-content\/uploads\/2021\/07\/camping-parc-aquatique-agde.jpg\" alt=\"camping parc aquatique agde\" class=\"images_image\" \/><\/div><\/div><\/div><div class=\"element colonne p-6\"><h2 class=\"element section-title left  color2 beige-border-right\">Camping mit Rutschen in Grau d&#8217;Agde<\/h2><div class=\"element bloc-text left \">\n\t<p>F\u00fcr Gro\u00df und Klein bietet der <strong class=\"bold color2\">Wasserpark<\/strong> auf dem Campingplatz Les Sablettes in Agde eine Wasserrutsche mit zwei Rutschbahnen und einem Einstieg ins Schwimmbecken. Auf geht&#8217;s zum Rutschen! <\/p>\n<\/div><h2 class=\"element section-title left  color2 beige-border-right m-t-4\">Praktische Informationen<\/h2><div class=\"element bloc-text left \">\n\t<ul>\n<li>Das beheizte Schwimmbad ist von April bis September t\u00e4glich von 10 bis 19 Uhr ge\u00f6ffnet.<\/li>\n<li>Unser Campingplatz erm\u00f6glicht aufgrund seiner Gr\u00f6\u00dfe einen schnellen und einfachen Zugang zu seinem Wasserpark von jedem Stellplatz aus.<\/li>\n<li>Nur f\u00fcr G\u00e4ste des Campingplatzes reserviert.<\/li>\n<li>F\u00fcr Ihre Sicherheit, \u00fcberwachtes Schwimmbad im Juli und August.<\/li>\n<li>Badeshorts sind nicht erlaubt.<\/li>\n<\/ul>\n<\/div><\/div><\/div><\/div><\/section>\n\n<section id=\"section-60df0f788121c\"\" class=\"section bg-white\" \/><div class=\"container extralarge\"><div class=\"element section-title center titre-cta\">Entdecken Sie unsere Aktivit\u00e4ten am Meer<\/div><div class=\"colonnes-wrap valign-middle \"><div class=\"element colonne \"><div class=\"element call-to-action  call-to-action--style-3 call-to-action--big\"><a href=\"https:\/\/www.campinglessablettes.com\/de\/camping-am-meer-grau-agde\/\" class=\"call-to-action_link\" title=\"Lesen Sie mehr \u00fcber seaside\"><div class=\"call-to-action_image\"><img decoding=\"async\" src=\"https:\/\/www.campinglessablettes.com\/wp-content\/uploads\/2021\/07\/camping-bord-mer-agde-100x75.jpg\" data-src=\"https:\/\/www.campinglessablettes.com\/wp-content\/uploads\/2021\/07\/camping-bord-mer-agde.jpg\" alt=\"camping bord mer agde\" class=\"big\" \/><\/div><div class=\"call-to-action_contenu\"><div class=\"call-to-action_titre\">Seaside<\/div><\/div><\/a><\/div><\/div><div class=\"element colonne \"><div class=\"element call-to-action  call-to-action--style-3 call-to-action--big\"><a href=\"https:\/\/www.campinglessablettes.com\/de\/camping-animationen-grau-agde\/\" class=\"call-to-action_link\" title=\"Lesen Sie mehr \u00fcber aktivit\u00e4ten und unterhaltung\"><div class=\"call-to-action_image\"><img decoding=\"async\" src=\"https:\/\/www.campinglessablettes.com\/wp-content\/uploads\/2021\/07\/camping-aire-jeux-herault-100x75.jpg\" data-src=\"https:\/\/www.campinglessablettes.com\/wp-content\/uploads\/2021\/07\/camping-aire-jeux-herault.jpg\" alt=\"camping aire jeux herault\" class=\"big\" \/><\/div><div class=\"call-to-action_contenu\"><div class=\"call-to-action_titre\">Aktivit\u00e4ten und Unterhaltung<\/div><\/div><\/a><\/div><\/div><div class=\"element colonne \"><div class=\"element call-to-action  call-to-action--style-3 call-to-action--big\"><a href=\"https:\/\/www.campinglessablettes.com\/de\/standort-mobil-heim-graue-agde\/\" class=\"call-to-action_link\" title=\"Lesen Sie mehr \u00fcber unterkunft\"><div class=\"call-to-action_image\"><img decoding=\"async\" src=\"https:\/\/www.campinglessablettes.com\/wp-content\/uploads\/2021\/07\/location-mobil-home-agde-100x75.jpg\" data-src=\"https:\/\/www.campinglessablettes.com\/wp-content\/uploads\/2021\/07\/location-mobil-home-agde.jpg\" alt=\"location mobil home agde\" class=\"big\" \/><\/div><div class=\"call-to-action_contenu\"><div class=\"call-to-action_titre\">Unterkunft<\/div><\/div><\/a><\/div><\/div><\/div><\/div><\/section>","protected":false},"excerpt":{"rendered":"","protected":false},"author":1,"featured_media":658,"parent":0,"menu_order":0,"comment_status":"closed","ping_status":"closed","template":"","meta":{"_acf_changed":false,"footnotes":""},"class_list":["post-2853","page","type-page","status-publish","has-post-thumbnail","hentry"],"acf":[],"yoast_head":"<!-- This site is optimized with the Yoast SEO plugin v23.4 - https:\/\/yoast.com\/wordpress\/plugins\/seo\/ -->\n<title>Beheiztes Schwimmbad auf dem Campingplatz Grau Agde | Badelandschaft in Agde<\/title>\n<meta name=\"robots\" content=\"index, follow, max-snippet:-1, max-image-preview:large, max-video-preview:-1\" \/>\n<link rel=\"canonical\" href=\"https:\/\/www.campinglessablettes.com\/de\/campingplatz-wasserpark-grau-adge\/\" \/>\n<meta property=\"og:locale\" content=\"de_DE\" \/>\n<meta property=\"og:type\" content=\"article\" \/>\n<meta property=\"og:title\" content=\"Beheiztes Schwimmbad auf dem Campingplatz Grau Agde | Badelandschaft in Agde\" \/>\n<meta property=\"og:url\" content=\"https:\/\/www.campinglessablettes.com\/de\/campingplatz-wasserpark-grau-adge\/\" \/>\n<meta property=\"og:site_name\" content=\"Camping les Sablettes\" \/>\n<meta property=\"article:modified_time\" content=\"2021-09-24T12:18:25+00:00\" \/>\n<meta property=\"og:image\" content=\"https:\/\/www.campinglessablettes.com\/wp-content\/uploads\/2021\/07\/camping-parc-aquatique-cap-agde.jpg\" \/>\n\t<meta property=\"og:image:width\" content=\"1903\" \/>\n\t<meta property=\"og:image:height\" content=\"550\" \/>\n\t<meta property=\"og:image:type\" content=\"image\/jpeg\" \/>\n<meta name=\"twitter:card\" content=\"summary_large_image\" \/>\n<script type=\"application\/ld+json\" class=\"yoast-schema-graph\">{\"@context\":\"https:\/\/schema.org\",\"@graph\":[{\"@type\":\"WebPage\",\"@id\":\"https:\/\/www.campinglessablettes.com\/de\/campingplatz-wasserpark-grau-adge\/\",\"url\":\"https:\/\/www.campinglessablettes.com\/de\/campingplatz-wasserpark-grau-adge\/\",\"name\":\"Beheiztes Schwimmbad auf dem Campingplatz Grau Agde | Badelandschaft in Agde\",\"isPartOf\":{\"@id\":\"https:\/\/www.campinglessablettes.com\/de\/#website\"},\"primaryImageOfPage\":{\"@id\":\"https:\/\/www.campinglessablettes.com\/de\/campingplatz-wasserpark-grau-adge\/#primaryimage\"},\"image\":{\"@id\":\"https:\/\/www.campinglessablettes.com\/de\/campingplatz-wasserpark-grau-adge\/#primaryimage\"},\"thumbnailUrl\":\"https:\/\/www.campinglessablettes.com\/wp-content\/uploads\/2021\/07\/camping-parc-aquatique-cap-agde.jpg\",\"datePublished\":\"2021-06-28T12:15:41+00:00\",\"dateModified\":\"2021-09-24T12:18:25+00:00\",\"breadcrumb\":{\"@id\":\"https:\/\/www.campinglessablettes.com\/de\/campingplatz-wasserpark-grau-adge\/#breadcrumb\"},\"inLanguage\":\"de\",\"potentialAction\":[{\"@type\":\"ReadAction\",\"target\":[\"https:\/\/www.campinglessablettes.com\/de\/campingplatz-wasserpark-grau-adge\/\"]}]},{\"@type\":\"ImageObject\",\"inLanguage\":\"de\",\"@id\":\"https:\/\/www.campinglessablettes.com\/de\/campingplatz-wasserpark-grau-adge\/#primaryimage\",\"url\":\"https:\/\/www.campinglessablettes.com\/wp-content\/uploads\/2021\/07\/camping-parc-aquatique-cap-agde.jpg\",\"contentUrl\":\"https:\/\/www.campinglessablettes.com\/wp-content\/uploads\/2021\/07\/camping-parc-aquatique-cap-agde.jpg\",\"width\":1903,\"height\":550,\"caption\":\"camping parc aquatique cap dagde\"},{\"@type\":\"BreadcrumbList\",\"@id\":\"https:\/\/www.campinglessablettes.com\/de\/campingplatz-wasserpark-grau-adge\/#breadcrumb\",\"itemListElement\":[{\"@type\":\"ListItem\",\"position\":1,\"name\":\"Camping H\u00e9rault\",\"item\":\"https:\/\/www.campinglessablettes.com\/de\/\"},{\"@type\":\"ListItem\",\"position\":2,\"name\":\"Wasserpark im H\u00e9rault\"}]},{\"@type\":\"WebSite\",\"@id\":\"https:\/\/www.campinglessablettes.com\/de\/#website\",\"url\":\"https:\/\/www.campinglessablettes.com\/de\/\",\"name\":\"Camping les Sablettes\",\"description\":\"\",\"publisher\":{\"@id\":\"https:\/\/www.campinglessablettes.com\/de\/#organization\"},\"potentialAction\":[{\"@type\":\"SearchAction\",\"target\":{\"@type\":\"EntryPoint\",\"urlTemplate\":\"https:\/\/www.campinglessablettes.com\/de\/?s={search_term_string}\"},\"query-input\":{\"@type\":\"PropertyValueSpecification\",\"valueRequired\":true,\"valueName\":\"search_term_string\"}}],\"inLanguage\":\"de\"},{\"@type\":\"Organization\",\"@id\":\"https:\/\/www.campinglessablettes.com\/de\/#organization\",\"name\":\"Camping Les Sablettes\",\"url\":\"https:\/\/www.campinglessablettes.com\/de\/\",\"logo\":{\"@type\":\"ImageObject\",\"inLanguage\":\"de\",\"@id\":\"https:\/\/www.campinglessablettes.com\/de\/#\/schema\/logo\/image\/\",\"url\":\"https:\/\/www.campinglessablettes.com\/wp-content\/uploads\/2021\/06\/logo-camping-sablettes.png\",\"contentUrl\":\"https:\/\/www.campinglessablettes.com\/wp-content\/uploads\/2021\/06\/logo-camping-sablettes.png\",\"width\":210,\"height\":157,\"caption\":\"Camping Les Sablettes\"},\"image\":{\"@id\":\"https:\/\/www.campinglessablettes.com\/de\/#\/schema\/logo\/image\/\"}}]}<\/script>\n<!-- \/ Yoast SEO plugin. -->","yoast_head_json":{"title":"Beheiztes Schwimmbad auf dem Campingplatz Grau Agde | Badelandschaft in Agde","robots":{"index":"index","follow":"follow","max-snippet":"max-snippet:-1","max-image-preview":"max-image-preview:large","max-video-preview":"max-video-preview:-1"},"canonical":"https:\/\/www.campinglessablettes.com\/de\/campingplatz-wasserpark-grau-adge\/","og_locale":"de_DE","og_type":"article","og_title":"Beheiztes Schwimmbad auf dem Campingplatz Grau Agde | Badelandschaft in Agde","og_url":"https:\/\/www.campinglessablettes.com\/de\/campingplatz-wasserpark-grau-adge\/","og_site_name":"Camping les Sablettes","article_modified_time":"2021-09-24T12:18:25+00:00","og_image":[{"width":1903,"height":550,"url":"https:\/\/www.campinglessablettes.com\/wp-content\/uploads\/2021\/07\/camping-parc-aquatique-cap-agde.jpg","type":"image\/jpeg"}],"twitter_card":"summary_large_image","schema":{"@context":"https:\/\/schema.org","@graph":[{"@type":"WebPage","@id":"https:\/\/www.campinglessablettes.com\/de\/campingplatz-wasserpark-grau-adge\/","url":"https:\/\/www.campinglessablettes.com\/de\/campingplatz-wasserpark-grau-adge\/","name":"Beheiztes Schwimmbad auf dem Campingplatz Grau Agde | Badelandschaft in Agde","isPartOf":{"@id":"https:\/\/www.campinglessablettes.com\/de\/#website"},"primaryImageOfPage":{"@id":"https:\/\/www.campinglessablettes.com\/de\/campingplatz-wasserpark-grau-adge\/#primaryimage"},"image":{"@id":"https:\/\/www.campinglessablettes.com\/de\/campingplatz-wasserpark-grau-adge\/#primaryimage"},"thumbnailUrl":"https:\/\/www.campinglessablettes.com\/wp-content\/uploads\/2021\/07\/camping-parc-aquatique-cap-agde.jpg","datePublished":"2021-06-28T12:15:41+00:00","dateModified":"2021-09-24T12:18:25+00:00","breadcrumb":{"@id":"https:\/\/www.campinglessablettes.com\/de\/campingplatz-wasserpark-grau-adge\/#breadcrumb"},"inLanguage":"de","potentialAction":[{"@type":"ReadAction","target":["https:\/\/www.campinglessablettes.com\/de\/campingplatz-wasserpark-grau-adge\/"]}]},{"@type":"ImageObject","inLanguage":"de","@id":"https:\/\/www.campinglessablettes.com\/de\/campingplatz-wasserpark-grau-adge\/#primaryimage","url":"https:\/\/www.campinglessablettes.com\/wp-content\/uploads\/2021\/07\/camping-parc-aquatique-cap-agde.jpg","contentUrl":"https:\/\/www.campinglessablettes.com\/wp-content\/uploads\/2021\/07\/camping-parc-aquatique-cap-agde.jpg","width":1903,"height":550,"caption":"camping parc aquatique cap dagde"},{"@type":"BreadcrumbList","@id":"https:\/\/www.campinglessablettes.com\/de\/campingplatz-wasserpark-grau-adge\/#breadcrumb","itemListElement":[{"@type":"ListItem","position":1,"name":"Camping H\u00e9rault","item":"https:\/\/www.campinglessablettes.com\/de\/"},{"@type":"ListItem","position":2,"name":"Wasserpark im H\u00e9rault"}]},{"@type":"WebSite","@id":"https:\/\/www.campinglessablettes.com\/de\/#website","url":"https:\/\/www.campinglessablettes.com\/de\/","name":"Camping les Sablettes","description":"","publisher":{"@id":"https:\/\/www.campinglessablettes.com\/de\/#organization"},"potentialAction":[{"@type":"SearchAction","target":{"@type":"EntryPoint","urlTemplate":"https:\/\/www.campinglessablettes.com\/de\/?s={search_term_string}"},"query-input":{"@type":"PropertyValueSpecification","valueRequired":true,"valueName":"search_term_string"}}],"inLanguage":"de"},{"@type":"Organization","@id":"https:\/\/www.campinglessablettes.com\/de\/#organization","name":"Camping Les Sablettes","url":"https:\/\/www.campinglessablettes.com\/de\/","logo":{"@type":"ImageObject","inLanguage":"de","@id":"https:\/\/www.campinglessablettes.com\/de\/#\/schema\/logo\/image\/","url":"https:\/\/www.campinglessablettes.com\/wp-content\/uploads\/2021\/06\/logo-camping-sablettes.png","contentUrl":"https:\/\/www.campinglessablettes.com\/wp-content\/uploads\/2021\/06\/logo-camping-sablettes.png","width":210,"height":157,"caption":"Camping Les Sablettes"},"image":{"@id":"https:\/\/www.campinglessablettes.com\/de\/#\/schema\/logo\/image\/"}}]}},"_links":{"self":[{"href":"https:\/\/www.campinglessablettes.com\/de\/wp-json\/wp\/v2\/pages\/2853","targetHints":{"allow":["GET"]}}],"collection":[{"href":"https:\/\/www.campinglessablettes.com\/de\/wp-json\/wp\/v2\/pages"}],"about":[{"href":"https:\/\/www.campinglessablettes.com\/de\/wp-json\/wp\/v2\/types\/page"}],"author":[{"embeddable":true,"href":"https:\/\/www.campinglessablettes.com\/de\/wp-json\/wp\/v2\/users\/1"}],"replies":[{"embeddable":true,"href":"https:\/\/www.campinglessablettes.com\/de\/wp-json\/wp\/v2\/comments?post=2853"}],"version-history":[{"count":14,"href":"https:\/\/www.campinglessablettes.com\/de\/wp-json\/wp\/v2\/pages\/2853\/revisions"}],"predecessor-version":[{"id":4476,"href":"https:\/\/www.campinglessablettes.com\/de\/wp-json\/wp\/v2\/pages\/2853\/revisions\/4476"}],"wp:featuredmedia":[{"embeddable":true,"href":"https:\/\/www.campinglessablettes.com\/de\/wp-json\/wp\/v2\/media\/658"}],"wp:attachment":[{"href":"https:\/\/www.campinglessablettes.com\/de\/wp-json\/wp\/v2\/media?parent=2853"}],"curies":[{"name":"wp","href":"https:\/\/api.w.org\/{rel}","templated":true}]}}