{"id":3971,"date":"2021-09-22T16:26:40","date_gmt":"2021-09-22T14:26:40","guid":{"rendered":"https:\/\/www.campinglessablettes.com\/faq\/"},"modified":"2021-09-22T16:59:14","modified_gmt":"2021-09-22T14:59:14","slug":"faq","status":"publish","type":"page","link":"https:\/\/www.campinglessablettes.com\/de\/faq\/","title":{"rendered":"FAQ"},"content":{"rendered":"<section id=\"section-614b405966fb3\"\" class=\"section bg-white\" \/><div class=\"container\"><h1 class=\"element section-title center sablettes-citation color2\">H\u00e4ufig gestellte Fragen<\/h1><div class=\"element bloc-text\">\n\t<div class=\"element bloc-text\">\r\n\t<details>\r\n    <summary>Sind Sie Vacaf-zugelassen?<\/summary>\r\n    Nein, wir sind nicht Vacaf-zugelassen.\r\n\t\t\t\t<\/details>\r\n<details>\r\n    <summary>Sie akzeptieren Urlaubsgutscheine?<\/summary>\r\n   Wir akzeptieren Urlaubsgutscheine und Urlaubsgutscheine von connect.\r\n<\/details>\r\n<details>\r\n    <summary>Was deckt die Reiser\u00fccktrittsversicherung ab?<\/summary>\r\n   Die Reiser\u00fccktrittsversicherung ist eine externe Dienstleistung des Campingplatzes. Es ist die Campeg Covered Versicherung. Wenn Sie m\u00f6chten, k\u00f6nnen Sie die Brosch\u00fcre von unserer Website im Download-Bereich herunterladen.\r\n<\/details>\r\n<details>\r\n    <summary>Ist es m\u00f6glich, in Raten zu zahlen<\/summary>\r\n   Bei der Buchung ist eine Anzahlung von 30 % zu leisten. Der Restbetrag kann jedoch bis zu einem Monat vor Ihrer Ankunft beglichen werden.\r\n<\/details>\r\n<details>\r\n    <summary>Wo ist der n\u00e4chstgelegene Strand?<\/summary>\r\n   Der n\u00e4chstgelegene Strand ist 800 m vom Campingplatz entfernt und kann in 10 Minuten zu Fu\u00df oder in 2 Minuten mit dem Fahrrad \u00fcber den Radweg erreicht werden.\r\n<\/details>\r\n<details>\r\n    <summary>Gibt es eine Bushaltestelle vor dem Campingplatz?<\/summary>\r\n   Eine Bushaltestelle &#8222;Les Montilles&#8220; ist 100 Meter vom Campingplatz entfernt, die Linie 2 f\u00e4hrt zwischen dem SNCF-Bahnhof und Grau d&#8217;Agde. (Die Einzelheiten finden Sie auf der capbus-Website). Der Fahrpreis betr\u00e4gt 1\u20ac\/Pers.\r\n<\/details>\r\n<details>\r\n    <summary> Wie weit ist der Campingplatz von den n\u00e4chstgelegenen Gesch\u00e4ften entfernt?<\/summary>\r\n   Der Campingplatz ist 2 km von den Einkaufszentren Hyper U und LIDL entfernt. \r\nDas Zentrum von Le Grau d&#8217;Agde ist 3 km entfernt. Dort finden Sie Gesch\u00e4fte, Bars, Restaurants, Eisdielen, einen Minimarkt, einen Tabakladen und eine Presse. \r\n<\/details>\r\n<details>\r\n    <summary>Ist die Nutzung des WLANs kostenpflichtig?<\/summary>\r\n\t\t\t\tWifi ist auf der Terrasse des Bar-Restaurants kostenlos und auf Ihrem Stellplatz kostenpflichtig.\r\n<\/details>\r\n<details>\r\n    <summary>Ist das Tragen eines Armbands Pflicht?<\/summary>\r\n\t\t\t\tJa, das Tragen des Armbands ist obligatorisch, um zu beweisen, dass Sie auf dem Campingplatz wohnen.\r\n<\/details>\r\n<details>\r\n    <summary> Sind Badeshorts erlaubt?<\/summary>\r\n\t\t\t\tBadeshorts sind im Schwimmbad nicht erlaubt.\r\n<\/details>\r\n<details>\r\n    <summary> Haben Besucher Zugang zum Pool des Campingplatzes?<\/summary>\r\n   Nein, nur Urlauber, die auf dem Campingplatz wohnen, haben Zugang zum Schwimmbad des Campingplatzes.\r\n<\/details>\r\n<details>\r\n    <summary>Ist das Schwimmbad beheizt?<\/summary>\r\n\t\t\t\tJa, das Schwimmbad ist ab dem 1. Mai beheizt.\r\n<\/details>\r\n<details>\r\n    <summary> Kann man seinen eigenen Grill mitbringen?<\/summary>\r\n\t\t\t\tJa, Sie haben die M\u00f6glichkeit, Ihren eigenen Grill mitzubringen. Es sind jedoch nur ELEKTRISCHE und GAS-Grills erlaubt. Das Grillen mit Kohle ist nicht erlaubt (wir stellen gesicherte Gemeinschaftsgrills in der Mitte des Campingplatzes f\u00fcr Ihr Grillgut zur Verf\u00fcgung).\r\n<\/details>\r\n<details>\r\n    <summary>Ist mein Hund in der Unterkunft erlaubt?<\/summary>\r\n\t\t\t\tJa, wir erlauben nur 1 Hund pro Mietobjekt. Hunde der Kategorien 1 und 2 sind jedoch nicht erlaubt.\r\n<\/details>\r\n\t\t\t\t<details>\r\n    <summary>Kann ich ein Zelt neben das Wohnmobil stellen?<\/summary>\r\n\t\t\t\tNein, es ist nicht m\u00f6glich, ein Zelt neben dem Wohnmobil aufzustellen.\r\n<\/details>\r\n<details>\r\n    <summary>Ist das Wohnmobil mit einem Fernseher ausgestattet?<\/summary>\r\n   Nur die Mobilheime der Kategorie Komfort sind mit einem Fernseher ausgestattet, f\u00fcr die anderen muss man 40 Euro f\u00fcr die erste Woche und 20 Euro f\u00fcr jede weitere Woche bezahlen.\r\n<\/details>\r\n<details>\r\n    <summary>Was ist die Gr\u00f6\u00dfe der Betten?<\/summary>\r\n\t\t\tDie Betten in den Standard-Mobilheimen sind 140&#215;190 (Doppelbett) und 80&#215;190 (Einzelbett) gro\u00df. Wenn Sie in einem LUXURY-Komfort-Mobilheim buchen, ist das Doppelbett 160&#215;190 gro\u00df.\r\n<\/details>\r\n<details>\r\n    <summary>Sie akzeptieren Doppelachsen?<\/summary>\r\n\t\t\t\tWohnwagen und Wohnmobile d\u00fcrfen maximal 7 m lang sein, DOPPELACHS sind nicht erlaubt.\r\n<\/details>\r\n<details>\r\n    <summary>Mein Wohnmobil steht am Samstag vor 16 Uhr zur Verf\u00fcgung, kann ich auch fr\u00fcher anreisen?<\/summary>\r\n\t\t\t\tSie k\u00f6nnen zur Rezeption gehen, die Ankunftsformalit\u00e4ten erledigen und in aller Ruhe am Pool oder an der Bar warten, bis das Mobilheim fertig ist.\r\n<\/details>\r\n<details>\r\n    <summary>Wie bei versp\u00e4teter Ankunft vorzugehen ist<\/summary>\r\n\t\t\tSie m\u00fcssen sich im Voraus mit der Rezeption in Verbindung setzen, um Ihre Ankunft zu arrangieren.\r\n<\/details>\r\n<details>\r\n    <summary> Darf ich Familie oder Freunde in das Wohnmobil einladen? Wenn ja, ist dies kostenpflichtig?<\/summary>\r\n\t\t\t\tEs ist Ihr gutes Recht, Verwandte zu sich einzuladen. Der Besuchertarif betr\u00e4gt 5\u20ac\/Tag ohne Zugang zum Schwimmbad\r\n<\/details>\r\n<details>\r\n    <summary>Bis zu welcher Uhrzeit kann ich mit meinem Auto auf den Campingplatz fahren?<\/summary>\r\n\t\t\t\tDer Verkehr mit dem Auto auf dem Campingplatz ist von 6:30 Uhr bis Mitternacht. Au\u00dferhalb dieser Zeiten m\u00fcssen Sie Ihr Auto auf dem Au\u00dfenparkplatz abstellen.\r\n<\/details>\r\n<br><\/div><\/div><\/div><\/section>","protected":false},"excerpt":{"rendered":"","protected":false},"author":1,"featured_media":0,"parent":0,"menu_order":0,"comment_status":"closed","ping_status":"closed","template":"","meta":{"_acf_changed":false,"footnotes":""},"class_list":["post-3971","page","type-page","status-publish","hentry"],"acf":[],"yoast_head":"<!-- This site is optimized with the Yoast SEO plugin v23.4 - https:\/\/yoast.com\/wordpress\/plugins\/seo\/ -->\n<title>FAQ - Campingplatz Les sablettes Cap d&#039;agde<\/title>\n<meta name=\"robots\" content=\"index, follow, max-snippet:-1, max-image-preview:large, max-video-preview:-1\" \/>\n<link rel=\"canonical\" href=\"https:\/\/www.campinglessablettes.com\/de\/faq\/\" \/>\n<meta property=\"og:locale\" content=\"de_DE\" \/>\n<meta property=\"og:type\" content=\"article\" \/>\n<meta property=\"og:title\" content=\"FAQ - Campingplatz Les sablettes Cap d&#039;agde\" \/>\n<meta property=\"og:url\" content=\"https:\/\/www.campinglessablettes.com\/de\/faq\/\" \/>\n<meta property=\"og:site_name\" content=\"Camping les Sablettes\" \/>\n<meta property=\"article:modified_time\" content=\"2021-09-22T14:59:14+00:00\" \/>\n<meta name=\"twitter:card\" content=\"summary_large_image\" \/>\n<script type=\"application\/ld+json\" class=\"yoast-schema-graph\">{\"@context\":\"https:\/\/schema.org\",\"@graph\":[{\"@type\":\"WebPage\",\"@id\":\"https:\/\/www.campinglessablettes.com\/de\/faq\/\",\"url\":\"https:\/\/www.campinglessablettes.com\/de\/faq\/\",\"name\":\"FAQ - Campingplatz Les sablettes Cap d'agde\",\"isPartOf\":{\"@id\":\"https:\/\/www.campinglessablettes.com\/de\/#website\"},\"datePublished\":\"2021-09-22T14:26:40+00:00\",\"dateModified\":\"2021-09-22T14:59:14+00:00\",\"breadcrumb\":{\"@id\":\"https:\/\/www.campinglessablettes.com\/de\/faq\/#breadcrumb\"},\"inLanguage\":\"de\",\"potentialAction\":[{\"@type\":\"ReadAction\",\"target\":[\"https:\/\/www.campinglessablettes.com\/de\/faq\/\"]}]},{\"@type\":\"BreadcrumbList\",\"@id\":\"https:\/\/www.campinglessablettes.com\/de\/faq\/#breadcrumb\",\"itemListElement\":[{\"@type\":\"ListItem\",\"position\":1,\"name\":\"Camping H\u00e9rault\",\"item\":\"https:\/\/www.campinglessablettes.com\/de\/\"},{\"@type\":\"ListItem\",\"position\":2,\"name\":\"faq\"}]},{\"@type\":\"WebSite\",\"@id\":\"https:\/\/www.campinglessablettes.com\/de\/#website\",\"url\":\"https:\/\/www.campinglessablettes.com\/de\/\",\"name\":\"Camping les Sablettes\",\"description\":\"\",\"publisher\":{\"@id\":\"https:\/\/www.campinglessablettes.com\/de\/#organization\"},\"potentialAction\":[{\"@type\":\"SearchAction\",\"target\":{\"@type\":\"EntryPoint\",\"urlTemplate\":\"https:\/\/www.campinglessablettes.com\/de\/?s={search_term_string}\"},\"query-input\":{\"@type\":\"PropertyValueSpecification\",\"valueRequired\":true,\"valueName\":\"search_term_string\"}}],\"inLanguage\":\"de\"},{\"@type\":\"Organization\",\"@id\":\"https:\/\/www.campinglessablettes.com\/de\/#organization\",\"name\":\"Camping Les Sablettes\",\"url\":\"https:\/\/www.campinglessablettes.com\/de\/\",\"logo\":{\"@type\":\"ImageObject\",\"inLanguage\":\"de\",\"@id\":\"https:\/\/www.campinglessablettes.com\/de\/#\/schema\/logo\/image\/\",\"url\":\"https:\/\/www.campinglessablettes.com\/wp-content\/uploads\/2021\/06\/logo-camping-sablettes.png\",\"contentUrl\":\"https:\/\/www.campinglessablettes.com\/wp-content\/uploads\/2021\/06\/logo-camping-sablettes.png\",\"width\":210,\"height\":157,\"caption\":\"Camping Les Sablettes\"},\"image\":{\"@id\":\"https:\/\/www.campinglessablettes.com\/de\/#\/schema\/logo\/image\/\"}}]}<\/script>\n<!-- \/ Yoast SEO plugin. -->","yoast_head_json":{"title":"FAQ - Campingplatz Les sablettes Cap d'agde","robots":{"index":"index","follow":"follow","max-snippet":"max-snippet:-1","max-image-preview":"max-image-preview:large","max-video-preview":"max-video-preview:-1"},"canonical":"https:\/\/www.campinglessablettes.com\/de\/faq\/","og_locale":"de_DE","og_type":"article","og_title":"FAQ - Campingplatz Les sablettes Cap d'agde","og_url":"https:\/\/www.campinglessablettes.com\/de\/faq\/","og_site_name":"Camping les Sablettes","article_modified_time":"2021-09-22T14:59:14+00:00","twitter_card":"summary_large_image","schema":{"@context":"https:\/\/schema.org","@graph":[{"@type":"WebPage","@id":"https:\/\/www.campinglessablettes.com\/de\/faq\/","url":"https:\/\/www.campinglessablettes.com\/de\/faq\/","name":"FAQ - Campingplatz Les sablettes Cap d'agde","isPartOf":{"@id":"https:\/\/www.campinglessablettes.com\/de\/#website"},"datePublished":"2021-09-22T14:26:40+00:00","dateModified":"2021-09-22T14:59:14+00:00","breadcrumb":{"@id":"https:\/\/www.campinglessablettes.com\/de\/faq\/#breadcrumb"},"inLanguage":"de","potentialAction":[{"@type":"ReadAction","target":["https:\/\/www.campinglessablettes.com\/de\/faq\/"]}]},{"@type":"BreadcrumbList","@id":"https:\/\/www.campinglessablettes.com\/de\/faq\/#breadcrumb","itemListElement":[{"@type":"ListItem","position":1,"name":"Camping H\u00e9rault","item":"https:\/\/www.campinglessablettes.com\/de\/"},{"@type":"ListItem","position":2,"name":"faq"}]},{"@type":"WebSite","@id":"https:\/\/www.campinglessablettes.com\/de\/#website","url":"https:\/\/www.campinglessablettes.com\/de\/","name":"Camping les Sablettes","description":"","publisher":{"@id":"https:\/\/www.campinglessablettes.com\/de\/#organization"},"potentialAction":[{"@type":"SearchAction","target":{"@type":"EntryPoint","urlTemplate":"https:\/\/www.campinglessablettes.com\/de\/?s={search_term_string}"},"query-input":{"@type":"PropertyValueSpecification","valueRequired":true,"valueName":"search_term_string"}}],"inLanguage":"de"},{"@type":"Organization","@id":"https:\/\/www.campinglessablettes.com\/de\/#organization","name":"Camping Les Sablettes","url":"https:\/\/www.campinglessablettes.com\/de\/","logo":{"@type":"ImageObject","inLanguage":"de","@id":"https:\/\/www.campinglessablettes.com\/de\/#\/schema\/logo\/image\/","url":"https:\/\/www.campinglessablettes.com\/wp-content\/uploads\/2021\/06\/logo-camping-sablettes.png","contentUrl":"https:\/\/www.campinglessablettes.com\/wp-content\/uploads\/2021\/06\/logo-camping-sablettes.png","width":210,"height":157,"caption":"Camping Les Sablettes"},"image":{"@id":"https:\/\/www.campinglessablettes.com\/de\/#\/schema\/logo\/image\/"}}]}},"_links":{"self":[{"href":"https:\/\/www.campinglessablettes.com\/de\/wp-json\/wp\/v2\/pages\/3971","targetHints":{"allow":["GET"]}}],"collection":[{"href":"https:\/\/www.campinglessablettes.com\/de\/wp-json\/wp\/v2\/pages"}],"about":[{"href":"https:\/\/www.campinglessablettes.com\/de\/wp-json\/wp\/v2\/types\/page"}],"author":[{"embeddable":true,"href":"https:\/\/www.campinglessablettes.com\/de\/wp-json\/wp\/v2\/users\/1"}],"replies":[{"embeddable":true,"href":"https:\/\/www.campinglessablettes.com\/de\/wp-json\/wp\/v2\/comments?post=3971"}],"version-history":[{"count":6,"href":"https:\/\/www.campinglessablettes.com\/de\/wp-json\/wp\/v2\/pages\/3971\/revisions"}],"predecessor-version":[{"id":3990,"href":"https:\/\/www.campinglessablettes.com\/de\/wp-json\/wp\/v2\/pages\/3971\/revisions\/3990"}],"wp:attachment":[{"href":"https:\/\/www.campinglessablettes.com\/de\/wp-json\/wp\/v2\/media?parent=3971"}],"curies":[{"name":"wp","href":"https:\/\/api.w.org\/{rel}","templated":true}]}}