{"id":2718,"date":"2021-06-28T14:17:11","date_gmt":"2021-06-28T12:17:11","guid":{"rendered":"https:\/\/www.campinglessablettes.com\/camping-pas-cher-grau-agde\/"},"modified":"2021-09-29T14:18:15","modified_gmt":"2021-09-29T12:18:15","slug":"goedkope-camping-grau-adge","status":"publish","type":"page","link":"https:\/\/www.campinglessablettes.com\/nl\/goedkope-camping-grau-adge\/","title":{"rendered":"Tarifs"},"content":{"rendered":"<section id=\"section-60df0f78801ee\"\" class=\"section bg-white\" \/><div class=\"container extralarge\"><h1 class=\"element section-title center sablettes-citation color2\">Onze beste prijzen in Grau d&#8217;Agde<\/h1><\/div><\/section>\n\n<section id=\"section-60f04f369e4e4\"\" class=\"section bg-white\" \/><div class=\"container large\"><div class=\"element bloc-text\">\n\t<script>\r\n    window.ctoutvert = {\r\n\t\tid: 2802, \r\n\t\tlang: 'nl', \r\n\t\turl: 'https:\/\/bookingpremium.secureholiday.net\/widgets\/'\r\n    };\r\n\r\n    (function (w, d, s, ctv, r, js, fjs) {\r\n        r=new XMLHttpRequest();r.open('GET',w[ctv].url+'js\/src.json');\r\n        r.responseType='json';r.json=true;r.send();\r\n        r.onload=function(){w[ctv].src=r.responseType=='json'?r.response:JSON.parse(r.response);\r\n        js.src=w[ctv].src[0];fjs.parentNode.insertBefore(js, fjs);}\r\n        js=d.createElement(s),fjs=d.getElementsByTagName(s)[0];\r\n        js.id='ctvwidget';js.async=1;\r\n    }(window, document, 'script', 'ctoutvert'));\r\n<\/script>\r\n<ctv-availability data-background-color='#FFFFFFFF' ><\/ctv-availability><\/div><\/div><\/section>\n\n<section id=\"section-60df0f7880903\"\" class=\"section bg-white p-t-0 p-b-0\" \/><div class=\"container full\"><div class=\"colonnes-wrap valign-middle \"><div class=\"element colonne p-0 cadre\"><div class=\"element images\"><div class=\"image\"><img decoding=\"async\" src=\"https:\/\/www.campinglessablettes.com\/wp-content\/uploads\/2021\/07\/camping-pas-cher-herault-100x68.jpg\" data-src=\"https:\/\/www.campinglessablettes.com\/wp-content\/uploads\/2021\/07\/camping-pas-cher-herault.jpg\" alt=\"camping pas cher herault\" class=\"images_image\" \/><\/div><\/div><\/div><div class=\"element colonne p-6\"><h2 class=\"element section-title left color1 beige-border-right\">Lage huurprijzen in Agde<\/h2><div class=\"element bloc-text left \">\n\t<p>Bent u op zoek naar een 3-sterren camping aan zee voor een lage prijs?<\/p>\n<p>Je hebt het net gevonden! Onze <a href=\"\/nl\/\">camping in Cap d&#8217;Agde<\/a> biedt alle kampeerliefhebbers de mogelijkheid om te verblijven aan de Middellandse Zee in de regio Languedoc-Roussillon in Occitani\u00eb tegen de <strong class=\"bold color1\">beste prijs-kwaliteitverhouding<\/strong>. <\/p>\n<p>Of u nu kiest voor een <a href=\"\/nl\/locatie-mobil-huis-grijs-agde\/\">mobil-home huren in Agde<\/a>, een chalet in Cap d&#8217;Agde, een verbouwde tent in Grau d&#8217;Agde of een staanplaats op de camping, wij garanderen u de <strong class=\"bold color1\">best beschikbare tarieven<\/strong> van goedkope campings in Cap d&#8217;Agde. <\/p>\n<\/div><h2 class=\"element section-title left color1 beige-border-right m-t-4\">Nog een goed plan ! <\/h2><div class=\"element bloc-text left \">\n\t<p>E\u00e9n week betaald = \u00e9\u00e9n week gratis* (de goedkoopste van de twee).<br \/>\nPromotie verhuur (stacaravan of chalet) van 10\/04 tot 10\/07 en van 28\/08 tot 03\/10.<\/p>\n<p><strong class=\"bold color1\">Promotielocatie<\/strong> van 09\/04 tot 09\/07 en van 28\/08 tot 02\/10 :<\/p>\n<ul>\n<li><strong class=\"bold color1\">6 nachten<\/strong> = 7 nachten (d.w.z. \u00e9\u00e9n week betaald = \u00e9\u00e9n week gratis* (afhankelijk van welke goedkoper is)<\/li>\n<\/ul>\n<p>Van 02\/07 tot 28\/08 -5% op uw verblijf van 21 nachten in een stacaravan\/chalet\/gemeubileerde tent.<\/p>\n<\/div><\/div><\/div><\/div><\/section>\n\n<section id=\"section-prix1\"\" class=\"section bg-white p-t-0\" \/><div class=\"container full\"><div class=\"accordeon\"><div class=\"slide \"><div class=\"slide_image\"><img decoding=\"async\" src=\"https:\/\/www.campinglessablettes.com\/wp-content\/uploads\/2021\/09\/bon-plan-sablettes-100x67.jpg\" data-src=\"https:\/\/www.campinglessablettes.com\/wp-content\/uploads\/2021\/09\/bon-plan-sablettes.jpg\" alt=\"bon-plan-sablettes\" class=\"\" \/><\/div><\/div><div class=\"slide \"><div class=\"slide_image\"><img decoding=\"async\" src=\"https:\/\/www.campinglessablettes.com\/wp-content\/uploads\/2021\/08\/camping-long-sejour-agde--100x67.jpg\" data-src=\"https:\/\/www.campinglessablettes.com\/wp-content\/uploads\/2021\/08\/camping-long-sejour-agde-.jpg\" alt=\"camping long sejour agde\" class=\"\" \/><\/div><\/div><div class=\"slide \"><div class=\"slide_image\"><img decoding=\"async\" src=\"https:\/\/www.campinglessablettes.com\/wp-content\/uploads\/2021\/08\/camping-location-mobilhome-agde--100x67.jpg\" data-src=\"https:\/\/www.campinglessablettes.com\/wp-content\/uploads\/2021\/08\/camping-location-mobilhome-agde-.jpg\" alt=\"camping location mobilhome agde\" class=\"\" \/><\/div><\/div><div class=\"slide \"><div class=\"slide_image\"><img decoding=\"async\" src=\"https:\/\/www.campinglessablettes.com\/wp-content\/uploads\/2021\/08\/camping-meilleur-prix-agde--100x67.jpg\" data-src=\"https:\/\/www.campinglessablettes.com\/wp-content\/uploads\/2021\/08\/camping-meilleur-prix-agde-.jpg\" alt=\"camping meilleur prix agde\" class=\"\" \/><\/div><\/div><\/div><\/div><\/section>\n\n<section id=\"section-60df0f7880bc8\"\" class=\"section bg-color4 p-t-0 p-b-0\" \/><div class=\"container full\"><div class=\"colonnes-wrap valign-middle \"><div class=\"element colonne p-6\"><h2 class=\"element section-title left white blue-border-left\">De beste prijs-kwaliteitverhouding in de H\u00e9rault<\/h2><div class=\"element bloc-text left \">\n\t<p>Bent u op zoek naar een goedkope camping in Cap d&#8217;Agde? Ontdek onze <strong class=\"bold color3\">kortingen<\/strong> en <strong class=\"bold color3\">promoties<\/strong> voor de verhuur van chalets in Cap d&#8217;Agde, stacaravans en omgebouwde tenten. <\/p>\n<p>Heeft u tijd en wilt u genieten van een lang verblijf op onze camping zonder te investeren in een stacaravan? Ontdek dan onze <strong class=\"bold color3\">speciale aanbieding voor lang verblijf in stacaravan<\/strong> tegen een lage prijs. <\/p>\n<p>In deze speciale goedkope aanbieding voor lang verblijf beschikt u van april tot begin juli over een stacaravan van 1 tot 30 september (pakket aanpasbaar volgens de openings- en sluitingsdata). Ideaal om van alle voordelen van het laagseizoen te genieten.<\/p>\n<p>U krijgt van ons de sleutel van een stacaravan die u gedurende de gewenste periode zult bewonen, met uitzondering van juli en augustus. Mogelijkheid om de eerste 15 dagen van juli en de laatste week van augustus te verlengen tegen <strong class=\"bold color3\">aantrekkelijke prijzen<\/strong> door contact met ons op te nemen.<\/p>\n<p>U kunt komen en gaan wanneer u wilt binnen de toegewezen periode. Dit alles voor minder dan 450\u20ac per maand aangezien ons lange termijn pakket begint bij slechts 1.720\u20ac voor 2 personen voor 4 maanden (exclusief toeristenbelasting +0,66\u20ac\/dag\/pers). <strong class=\"bold color3\">Veel pakketten beschikbaar<\/strong>! 2 maanden, 3 maanden of 4 maanden. Bel ons op 04.67.94.36.65 voor meer informatie.<\/p>\n<\/div><\/div><div class=\"element colonne p-0 cadre\"><div class=\"element images\"><div class=\"image\"><img decoding=\"async\" src=\"https:\/\/www.campinglessablettes.com\/wp-content\/uploads\/2021\/07\/camping-petit-prix-agde-1-100x68.jpg\" data-src=\"https:\/\/www.campinglessablettes.com\/wp-content\/uploads\/2021\/07\/camping-petit-prix-agde-1.jpg\" alt=\"camping petit prix agde\" class=\"images_image\" \/><\/div><\/div><\/div><\/div><\/div><\/section>\n\n<section id=\"section-prix2\"\" class=\"section bg-white p-t-0\" \/><div class=\"container full\"><div class=\"accordeon\"><div class=\"slide \"><div class=\"slide_image\"><img decoding=\"async\" src=\"https:\/\/www.campinglessablettes.com\/wp-content\/uploads\/2021\/09\/petanque-promo-100x67.jpg\" data-src=\"https:\/\/www.campinglessablettes.com\/wp-content\/uploads\/2021\/09\/petanque-promo.jpg\" alt=\"petanque-promo\" class=\"\" \/><\/div><\/div><div class=\"slide \"><div class=\"slide_image\"><img decoding=\"async\" src=\"https:\/\/www.campinglessablettes.com\/wp-content\/uploads\/2021\/08\/camping-petit-prix-herault-100x67.jpg\" data-src=\"https:\/\/www.campinglessablettes.com\/wp-content\/uploads\/2021\/08\/camping-petit-prix-herault.jpg\" alt=\"camping petit prix herault\" class=\"\" \/><\/div><\/div><div class=\"slide \"><div class=\"slide_image\"><img decoding=\"async\" src=\"https:\/\/www.campinglessablettes.com\/wp-content\/uploads\/2021\/09\/velo-famille-sablettes-100x67.jpg\" data-src=\"https:\/\/www.campinglessablettes.com\/wp-content\/uploads\/2021\/09\/velo-famille-sablettes.jpg\" alt=\"velo-famille-sablettes\" class=\"\" \/><\/div><\/div><div class=\"slide \"><div class=\"slide_image\"><img decoding=\"async\" src=\"https:\/\/www.campinglessablettes.com\/wp-content\/uploads\/2021\/09\/sablettes-camping-pa-chers-100x67.jpg\" data-src=\"https:\/\/www.campinglessablettes.com\/wp-content\/uploads\/2021\/09\/sablettes-camping-pa-chers.jpg\" alt=\"sablettes-camping-pas-chers\" class=\"\" \/><\/div><\/div><\/div><\/div><\/section>\n\n<section id=\"section-60df0f788121c\"\" class=\"section bg-white\" \/><div class=\"container extralarge\"><div class=\"element section-title center titre-cta\">Meer informatie over de huuraccommodaties en standplaatsen<\/div><div class=\"colonnes-wrap valign-middle \"><div class=\"element colonne \"><div class=\"element call-to-action  call-to-action--style-3 call-to-action--big\"><a href=\"https:\/\/www.campinglessablettes.com\/nl\/locatie-mobil-huis-grijs-agde\/\" class=\"call-to-action_link\" title=\"Lees meer over stacaravan\"><div class=\"call-to-action_image\"><img decoding=\"async\" src=\"https:\/\/www.campinglessablettes.com\/wp-content\/uploads\/2021\/07\/location-mobil-home-agde-100x75.jpg\" data-src=\"https:\/\/www.campinglessablettes.com\/wp-content\/uploads\/2021\/07\/location-mobil-home-agde.jpg\" alt=\"location mobil home agde\" class=\"big\" \/><\/div><div class=\"call-to-action_contenu\"><div class=\"call-to-action_titre\">Stacaravan<\/div><\/div><\/a><\/div><\/div><div class=\"element colonne \"><div class=\"element call-to-action  call-to-action--style-3 call-to-action--big\"><a href=\"https:\/\/www.campinglessablettes.com\/nl\/plaats-vervanging-grau-agde\/\" class=\"call-to-action_link\" title=\"Lees meer over plaatsen\"><div class=\"call-to-action_image\"><img decoding=\"async\" src=\"https:\/\/www.campinglessablettes.com\/wp-content\/uploads\/2021\/07\/location-emplacement-herault-100x75.jpg\" data-src=\"https:\/\/www.campinglessablettes.com\/wp-content\/uploads\/2021\/07\/location-emplacement-herault.jpg\" alt=\"location emplacemen herault\" class=\"big\" \/><\/div><div class=\"call-to-action_contenu\"><div class=\"call-to-action_titre\">Plaatsen<\/div><\/div><\/a><\/div><\/div><div class=\"element colonne \"><div class=\"element call-to-action  call-to-action--style-3 call-to-action--big\"><a href=\"https:\/\/www.campinglessablettes.com\/nl\/camping-animaties-grau-agde\/\" class=\"call-to-action_link\" title=\"Lees meer over activiteiten en ontspanning\"><div class=\"call-to-action_image\"><img decoding=\"async\" src=\"https:\/\/www.campinglessablettes.com\/wp-content\/uploads\/2021\/07\/camping-aire-jeux-herault-100x75.jpg\" data-src=\"https:\/\/www.campinglessablettes.com\/wp-content\/uploads\/2021\/07\/camping-aire-jeux-herault.jpg\" alt=\"camping aire jeux herault\" class=\"big\" \/><\/div><div class=\"call-to-action_contenu\"><div class=\"call-to-action_titre\">Activiteiten en ontspanning<\/div><\/div><\/a><\/div><\/div><\/div><\/div><\/section>","protected":false},"excerpt":{"rendered":"","protected":false},"author":1,"featured_media":3700,"parent":0,"menu_order":0,"comment_status":"closed","ping_status":"closed","template":"","meta":{"_acf_changed":false,"footnotes":""},"class_list":["post-2718","page","type-page","status-publish","has-post-thumbnail","hentry"],"acf":[],"yoast_head":"<!-- This site is optimized with the Yoast SEO plugin v23.4 - https:\/\/yoast.com\/wordpress\/plugins\/seo\/ -->\n<title>Goedkoopste camping in H\u00e9rault | Goedkoopste camping in Grau d&#039;Agde<\/title>\n<meta name=\"robots\" content=\"index, follow, max-snippet:-1, max-image-preview:large, max-video-preview:-1\" \/>\n<link rel=\"canonical\" href=\"https:\/\/www.campinglessablettes.com\/nl\/goedkope-camping-grau-adge\/\" \/>\n<meta property=\"og:locale\" content=\"nl_NL\" \/>\n<meta property=\"og:type\" content=\"article\" \/>\n<meta property=\"og:title\" content=\"Goedkoopste camping in H\u00e9rault | Goedkoopste camping in Grau d&#039;Agde\" \/>\n<meta property=\"og:url\" content=\"https:\/\/www.campinglessablettes.com\/nl\/goedkope-camping-grau-adge\/\" \/>\n<meta property=\"og:site_name\" content=\"Camping les Sablettes\" \/>\n<meta property=\"article:modified_time\" content=\"2021-09-29T12:18:15+00:00\" \/>\n<meta property=\"og:image\" content=\"https:\/\/www.campinglessablettes.com\/wp-content\/uploads\/2021\/09\/emplacement-sablettes.jpg\" \/>\n\t<meta property=\"og:image:width\" content=\"1900\" \/>\n\t<meta property=\"og:image:height\" content=\"600\" \/>\n\t<meta property=\"og:image:type\" content=\"image\/jpeg\" \/>\n<meta name=\"twitter:card\" content=\"summary_large_image\" \/>\n<script type=\"application\/ld+json\" class=\"yoast-schema-graph\">{\"@context\":\"https:\/\/schema.org\",\"@graph\":[{\"@type\":\"WebPage\",\"@id\":\"https:\/\/www.campinglessablettes.com\/nl\/goedkope-camping-grau-adge\/\",\"url\":\"https:\/\/www.campinglessablettes.com\/nl\/goedkope-camping-grau-adge\/\",\"name\":\"Goedkoopste camping in H\u00e9rault | Goedkoopste camping in Grau d'Agde\",\"isPartOf\":{\"@id\":\"https:\/\/www.campinglessablettes.com\/nl\/#website\"},\"primaryImageOfPage\":{\"@id\":\"https:\/\/www.campinglessablettes.com\/nl\/goedkope-camping-grau-adge\/#primaryimage\"},\"image\":{\"@id\":\"https:\/\/www.campinglessablettes.com\/nl\/goedkope-camping-grau-adge\/#primaryimage\"},\"thumbnailUrl\":\"https:\/\/www.campinglessablettes.com\/wp-content\/uploads\/2021\/09\/emplacement-sablettes.jpg\",\"datePublished\":\"2021-06-28T12:17:11+00:00\",\"dateModified\":\"2021-09-29T12:18:15+00:00\",\"breadcrumb\":{\"@id\":\"https:\/\/www.campinglessablettes.com\/nl\/goedkope-camping-grau-adge\/#breadcrumb\"},\"inLanguage\":\"nl-NL\",\"potentialAction\":[{\"@type\":\"ReadAction\",\"target\":[\"https:\/\/www.campinglessablettes.com\/nl\/goedkope-camping-grau-adge\/\"]}]},{\"@type\":\"ImageObject\",\"inLanguage\":\"nl-NL\",\"@id\":\"https:\/\/www.campinglessablettes.com\/nl\/goedkope-camping-grau-adge\/#primaryimage\",\"url\":\"https:\/\/www.campinglessablettes.com\/wp-content\/uploads\/2021\/09\/emplacement-sablettes.jpg\",\"contentUrl\":\"https:\/\/www.campinglessablettes.com\/wp-content\/uploads\/2021\/09\/emplacement-sablettes.jpg\",\"width\":1900,\"height\":600,\"caption\":\"emplacement-sablettes\"},{\"@type\":\"BreadcrumbList\",\"@id\":\"https:\/\/www.campinglessablettes.com\/nl\/goedkope-camping-grau-adge\/#breadcrumb\",\"itemListElement\":[{\"@type\":\"ListItem\",\"position\":1,\"name\":\"Camping H\u00e9rault\",\"item\":\"https:\/\/www.campinglessablettes.com\/nl\/\"},{\"@type\":\"ListItem\",\"position\":2,\"name\":\"Camping beste prijs in Agde\"}]},{\"@type\":\"WebSite\",\"@id\":\"https:\/\/www.campinglessablettes.com\/nl\/#website\",\"url\":\"https:\/\/www.campinglessablettes.com\/nl\/\",\"name\":\"Camping les Sablettes\",\"description\":\"\",\"publisher\":{\"@id\":\"https:\/\/www.campinglessablettes.com\/nl\/#organization\"},\"potentialAction\":[{\"@type\":\"SearchAction\",\"target\":{\"@type\":\"EntryPoint\",\"urlTemplate\":\"https:\/\/www.campinglessablettes.com\/nl\/?s={search_term_string}\"},\"query-input\":{\"@type\":\"PropertyValueSpecification\",\"valueRequired\":true,\"valueName\":\"search_term_string\"}}],\"inLanguage\":\"nl-NL\"},{\"@type\":\"Organization\",\"@id\":\"https:\/\/www.campinglessablettes.com\/nl\/#organization\",\"name\":\"Camping Les Sablettes\",\"url\":\"https:\/\/www.campinglessablettes.com\/nl\/\",\"logo\":{\"@type\":\"ImageObject\",\"inLanguage\":\"nl-NL\",\"@id\":\"https:\/\/www.campinglessablettes.com\/nl\/#\/schema\/logo\/image\/\",\"url\":\"https:\/\/www.campinglessablettes.com\/wp-content\/uploads\/2021\/06\/logo-camping-sablettes.png\",\"contentUrl\":\"https:\/\/www.campinglessablettes.com\/wp-content\/uploads\/2021\/06\/logo-camping-sablettes.png\",\"width\":210,\"height\":157,\"caption\":\"Camping Les Sablettes\"},\"image\":{\"@id\":\"https:\/\/www.campinglessablettes.com\/nl\/#\/schema\/logo\/image\/\"}}]}<\/script>\n<!-- \/ Yoast SEO plugin. -->","yoast_head_json":{"title":"Goedkoopste camping in H\u00e9rault | Goedkoopste camping in Grau d'Agde","robots":{"index":"index","follow":"follow","max-snippet":"max-snippet:-1","max-image-preview":"max-image-preview:large","max-video-preview":"max-video-preview:-1"},"canonical":"https:\/\/www.campinglessablettes.com\/nl\/goedkope-camping-grau-adge\/","og_locale":"nl_NL","og_type":"article","og_title":"Goedkoopste camping in H\u00e9rault | Goedkoopste camping in Grau d'Agde","og_url":"https:\/\/www.campinglessablettes.com\/nl\/goedkope-camping-grau-adge\/","og_site_name":"Camping les Sablettes","article_modified_time":"2021-09-29T12:18:15+00:00","og_image":[{"width":1900,"height":600,"url":"https:\/\/www.campinglessablettes.com\/wp-content\/uploads\/2021\/09\/emplacement-sablettes.jpg","type":"image\/jpeg"}],"twitter_card":"summary_large_image","schema":{"@context":"https:\/\/schema.org","@graph":[{"@type":"WebPage","@id":"https:\/\/www.campinglessablettes.com\/nl\/goedkope-camping-grau-adge\/","url":"https:\/\/www.campinglessablettes.com\/nl\/goedkope-camping-grau-adge\/","name":"Goedkoopste camping in H\u00e9rault | Goedkoopste camping in Grau d'Agde","isPartOf":{"@id":"https:\/\/www.campinglessablettes.com\/nl\/#website"},"primaryImageOfPage":{"@id":"https:\/\/www.campinglessablettes.com\/nl\/goedkope-camping-grau-adge\/#primaryimage"},"image":{"@id":"https:\/\/www.campinglessablettes.com\/nl\/goedkope-camping-grau-adge\/#primaryimage"},"thumbnailUrl":"https:\/\/www.campinglessablettes.com\/wp-content\/uploads\/2021\/09\/emplacement-sablettes.jpg","datePublished":"2021-06-28T12:17:11+00:00","dateModified":"2021-09-29T12:18:15+00:00","breadcrumb":{"@id":"https:\/\/www.campinglessablettes.com\/nl\/goedkope-camping-grau-adge\/#breadcrumb"},"inLanguage":"nl-NL","potentialAction":[{"@type":"ReadAction","target":["https:\/\/www.campinglessablettes.com\/nl\/goedkope-camping-grau-adge\/"]}]},{"@type":"ImageObject","inLanguage":"nl-NL","@id":"https:\/\/www.campinglessablettes.com\/nl\/goedkope-camping-grau-adge\/#primaryimage","url":"https:\/\/www.campinglessablettes.com\/wp-content\/uploads\/2021\/09\/emplacement-sablettes.jpg","contentUrl":"https:\/\/www.campinglessablettes.com\/wp-content\/uploads\/2021\/09\/emplacement-sablettes.jpg","width":1900,"height":600,"caption":"emplacement-sablettes"},{"@type":"BreadcrumbList","@id":"https:\/\/www.campinglessablettes.com\/nl\/goedkope-camping-grau-adge\/#breadcrumb","itemListElement":[{"@type":"ListItem","position":1,"name":"Camping H\u00e9rault","item":"https:\/\/www.campinglessablettes.com\/nl\/"},{"@type":"ListItem","position":2,"name":"Camping beste prijs in Agde"}]},{"@type":"WebSite","@id":"https:\/\/www.campinglessablettes.com\/nl\/#website","url":"https:\/\/www.campinglessablettes.com\/nl\/","name":"Camping les Sablettes","description":"","publisher":{"@id":"https:\/\/www.campinglessablettes.com\/nl\/#organization"},"potentialAction":[{"@type":"SearchAction","target":{"@type":"EntryPoint","urlTemplate":"https:\/\/www.campinglessablettes.com\/nl\/?s={search_term_string}"},"query-input":{"@type":"PropertyValueSpecification","valueRequired":true,"valueName":"search_term_string"}}],"inLanguage":"nl-NL"},{"@type":"Organization","@id":"https:\/\/www.campinglessablettes.com\/nl\/#organization","name":"Camping Les Sablettes","url":"https:\/\/www.campinglessablettes.com\/nl\/","logo":{"@type":"ImageObject","inLanguage":"nl-NL","@id":"https:\/\/www.campinglessablettes.com\/nl\/#\/schema\/logo\/image\/","url":"https:\/\/www.campinglessablettes.com\/wp-content\/uploads\/2021\/06\/logo-camping-sablettes.png","contentUrl":"https:\/\/www.campinglessablettes.com\/wp-content\/uploads\/2021\/06\/logo-camping-sablettes.png","width":210,"height":157,"caption":"Camping Les Sablettes"},"image":{"@id":"https:\/\/www.campinglessablettes.com\/nl\/#\/schema\/logo\/image\/"}}]}},"_links":{"self":[{"href":"https:\/\/www.campinglessablettes.com\/nl\/wp-json\/wp\/v2\/pages\/2718","targetHints":{"allow":["GET"]}}],"collection":[{"href":"https:\/\/www.campinglessablettes.com\/nl\/wp-json\/wp\/v2\/pages"}],"about":[{"href":"https:\/\/www.campinglessablettes.com\/nl\/wp-json\/wp\/v2\/types\/page"}],"author":[{"embeddable":true,"href":"https:\/\/www.campinglessablettes.com\/nl\/wp-json\/wp\/v2\/users\/1"}],"replies":[{"embeddable":true,"href":"https:\/\/www.campinglessablettes.com\/nl\/wp-json\/wp\/v2\/comments?post=2718"}],"version-history":[{"count":35,"href":"https:\/\/www.campinglessablettes.com\/nl\/wp-json\/wp\/v2\/pages\/2718\/revisions"}],"predecessor-version":[{"id":4655,"href":"https:\/\/www.campinglessablettes.com\/nl\/wp-json\/wp\/v2\/pages\/2718\/revisions\/4655"}],"wp:featuredmedia":[{"embeddable":true,"href":"https:\/\/www.campinglessablettes.com\/nl\/wp-json\/wp\/v2\/media\/3700"}],"wp:attachment":[{"href":"https:\/\/www.campinglessablettes.com\/nl\/wp-json\/wp\/v2\/media?parent=2718"}],"curies":[{"name":"wp","href":"https:\/\/api.w.org\/{rel}","templated":true}]}}